{"id":117,"date":"2024-02-03T19:57:56","date_gmt":"2024-02-03T18:57:56","guid":{"rendered":"https:\/\/dev.capitainecoco.fr\/?page_id=117"},"modified":"2026-02-02T14:42:41","modified_gmt":"2026-02-02T13:42:41","slug":"barque-classique-electrique-coco-8m","status":"publish","type":"page","link":"https:\/\/capitainecoco.fr\/zh\/barque-classique-electrique-coco-8m\/","title":{"rendered":"Barquette Voilier Classique \u00c9lectrique Coco 1969 10 personnes"},"content":{"rendered":"<div data-elementor-type=\"wp-page\" data-elementor-id=\"117\" class=\"elementor elementor-117\" data-elementor-post-type=\"page\">\n\t\t\t\t\t\t<section class=\"elementor-section elementor-top-section elementor-element elementor-element-4a594aca elementor-section-height-min-height elementor-section-boxed elementor-section-height-default elementor-section-items-middle\" data-id=\"4a594aca\" data-element_type=\"section\" data-e-type=\"section\" data-settings=\"{&quot;background_background&quot;:&quot;classic&quot;}\">\n\t\t\t\t\t\t\t<div class=\"elementor-background-overlay\"><\/div>\n\t\t\t\t\t\t\t<div class=\"elementor-container elementor-column-gap-default\">\n\t\t\t\t\t<div class=\"elementor-column elementor-col-100 elementor-top-column elementor-element elementor-element-7ba99663\" data-id=\"7ba99663\" data-element_type=\"column\" data-e-type=\"column\" data-settings=\"{&quot;background_background&quot;:&quot;classic&quot;}\">\n\t\t\t<div class=\"elementor-widget-wrap elementor-element-populated\">\n\t\t\t\t\t\t<div class=\"elementor-element elementor-element-5a301eb5 elementor-widget elementor-widget-heading\" data-id=\"5a301eb5\" data-element_type=\"widget\" data-e-type=\"widget\" data-widget_type=\"heading.default\">\n\t\t\t\t<div class=\"elementor-widget-container\">\n\t\t\t\t\t<h2 class=\"elementor-heading-title elementor-size-default\">R\u00e9server le bateau COCO 1969<\/h2>\t\t\t\t<\/div>\n\t\t\t\t<\/div>\n\t\t\t\t<div class=\"elementor-element elementor-element-30465716 elementor-widget elementor-widget-text-editor\" data-id=\"30465716\" data-element_type=\"widget\" data-e-type=\"widget\" data-widget_type=\"text-editor.default\">\n\t\t\t\t<div class=\"elementor-widget-container\">\n\t\t\t\t\t\t\t\t\t<p><a href=\"#\">\u5bb6<\/a> &gt; COCO 1969<\/p>\t\t\t\t\t\t\t\t<\/div>\n\t\t\t\t<\/div>\n\t\t\t\t\t<\/div>\n\t\t<\/div>\n\t\t\t\t\t<\/div>\n\t\t<\/section>\n\t\t\t\t<section class=\"elementor-section elementor-top-section elementor-element elementor-element-7755003 elementor-reverse-tablet elementor-reverse-mobile elementor-section-boxed elementor-section-height-default elementor-section-height-default\" data-id=\"7755003\" data-element_type=\"section\" data-e-type=\"section\">\n\t\t\t\t\t\t<div class=\"elementor-container elementor-column-gap-default\">\n\t\t\t\t\t<div class=\"elementor-column elementor-col-50 elementor-top-column elementor-element elementor-element-3b7f6eb5\" data-id=\"3b7f6eb5\" data-element_type=\"column\" data-e-type=\"column\">\n\t\t\t<div class=\"elementor-widget-wrap elementor-element-populated\">\n\t\t\t\t\t\t<div class=\"elementor-element elementor-element-41744bb elementor-widget elementor-widget-heading\" data-id=\"41744bb\" data-element_type=\"widget\" data-e-type=\"widget\" data-widget_type=\"heading.default\">\n\t\t\t\t<div class=\"elementor-widget-container\">\n\t\t\t\t\t<h2 class=\"elementor-heading-title elementor-size-default\">D\u00e9couvrez COCO, le bateau traditionnel pour vos sorties en mer \u00e0 Marseille<\/h2>\t\t\t\t<\/div>\n\t\t\t\t<\/div>\n\t\t<div class=\"elementor-element elementor-element-6215bef2 e-flex e-con-boxed e-con e-parent\" data-id=\"6215bef2\" data-element_type=\"container\" data-e-type=\"container\" data-settings=\"{&quot;background_background&quot;:&quot;classic&quot;}\">\n\t\t\t\t\t<div class=\"e-con-inner\">\n\t\t\t\t<div class=\"elementor-element elementor-element-26355ec3 elementor-widget elementor-widget-spacer\" data-id=\"26355ec3\" data-element_type=\"widget\" data-e-type=\"widget\" data-widget_type=\"spacer.default\">\n\t\t\t\t<div class=\"elementor-widget-container\">\n\t\t\t\t\t\t\t<div class=\"elementor-spacer\">\n\t\t\t<div class=\"elementor-spacer-inner\"><\/div>\n\t\t<\/div>\n\t\t\t\t\t\t<\/div>\n\t\t\t\t<\/div>\n\t\t\t\t\t<\/div>\n\t\t\t\t<\/div>\n\t\t\t\t<div class=\"elementor-element elementor-element-2c69e9d8 elementor-widget elementor-widget-text-editor\" data-id=\"2c69e9d8\" data-element_type=\"widget\" data-e-type=\"widget\" data-widget_type=\"text-editor.default\">\n\t\t\t\t<div class=\"elementor-widget-container\">\n\t\t\t\t\t\t\t\t\t<h3>\u767b\u8239 <strong>\u6930\u5b50<\/strong>, un voilier classique traditionnel <strong>unique en son genre<\/strong><\/h3>\n<p>construit en <strong>1969<\/strong> et enti\u00e8rement r\u00e9nov\u00e9 avec soin<strong> <a href=\"https:\/\/capitainecoco.fr\/zh\/le-monde-de-la-barquettedu-bateau-classique-et-des-charpentiers-passionnes\/\">au chantier naval Borg<\/a><\/strong> ici en Provence. Nous l&rsquo;avons pens\u00e9 pour offrir une exp\u00e9rience maritime authentique et <strong>respectueuse de l\u2019environnement<\/strong>, ainsi qu&rsquo;un <strong>confort pour 10 places assises <\/strong>\u00e0 l&rsquo;avant sur le pont adoss\u00e9 \u00e0 la cabine, et \u00e0 l&rsquo;arri\u00e8re avec le barreur. Avec ses <strong>8 m\u00e8tres de long<\/strong>, ses lignes \u00e9l\u00e9gantes, son pont en teck et son gr\u00e9ement classique, Coco vous invite \u00e0 plonger dans l\u2019histoire maritime m\u00e9diterran\u00e9enne tout en profitant du confort moderne d\u2019une <strong><a href=\"https:\/\/capitainecoco.fr\/zh\/propulsion-electrique\/\">motorisation 100% \u00e9lectrique et innovante<\/a>.<\/strong><\/p>\t\t\t\t\t\t\t\t<\/div>\n\t\t\t\t<\/div>\n\t\t\t\t<div class=\"elementor-element elementor-element-2011999d elementor-widget elementor-widget-heading\" data-id=\"2011999d\" data-element_type=\"widget\" data-e-type=\"widget\" data-widget_type=\"heading.default\">\n\t\t\t\t<div class=\"elementor-widget-container\">\n\t\t\t\t\t<h4 class=\"elementor-heading-title elementor-size-default\">D\u00e9couvrir Marius 1968, jusqu'\u00e0 12 personnes au d\u00e9part du Vieux Port Marseille<\/h4>\t\t\t\t<\/div>\n\t\t\t\t<\/div>\n\t\t\t\t<section class=\"elementor-section elementor-inner-section elementor-element elementor-element-2247359b elementor-section-boxed elementor-section-height-default elementor-section-height-default\" data-id=\"2247359b\" data-element_type=\"section\" data-e-type=\"section\">\n\t\t\t\t\t\t<div class=\"elementor-container elementor-column-gap-no\">\n\t\t\t\t\t<div class=\"elementor-column elementor-col-50 elementor-inner-column elementor-element elementor-element-2c2b9063\" data-id=\"2c2b9063\" data-element_type=\"column\" data-e-type=\"column\">\n\t\t\t<div class=\"elementor-widget-wrap elementor-element-populated\">\n\t\t\t\t\t\t<div class=\"elementor-element elementor-element-2699401a elementor-widget__width-initial elementor-widget elementor-widget-image\" data-id=\"2699401a\" data-element_type=\"widget\" data-e-type=\"widget\" data-widget_type=\"image.default\">\n\t\t\t\t<div class=\"elementor-widget-container\">\n\t\t\t\t\t\t\t\t\t\t\t\t\t\t\t<img alt=\"\" fetchpriority=\"high\" decoding=\"async\" width=\"1673\" height=\"1009\" src=\"https:\/\/capitainecoco.fr\/wp-content\/uploads\/2024\/07\/Decouvrez-les-fondamentaux-de-la-voile-classique-en-mer.png\" class=\"attachment-full size-full wp-image-2030\" srcset=\"https:\/\/capitainecoco.fr\/wp-content\/uploads\/2024\/07\/Decouvrez-les-fondamentaux-de-la-voile-classique-en-mer.png 1673w, https:\/\/capitainecoco.fr\/wp-content\/uploads\/2024\/07\/Decouvrez-les-fondamentaux-de-la-voile-classique-en-mer-600x362.png 600w, https:\/\/capitainecoco.fr\/wp-content\/uploads\/2024\/07\/Decouvrez-les-fondamentaux-de-la-voile-classique-en-mer-300x181.png 300w, https:\/\/capitainecoco.fr\/wp-content\/uploads\/2024\/07\/Decouvrez-les-fondamentaux-de-la-voile-classique-en-mer-1024x618.png 1024w, https:\/\/capitainecoco.fr\/wp-content\/uploads\/2024\/07\/Decouvrez-les-fondamentaux-de-la-voile-classique-en-mer-768x463.png 768w, https:\/\/capitainecoco.fr\/wp-content\/uploads\/2024\/07\/Decouvrez-les-fondamentaux-de-la-voile-classique-en-mer-1536x926.png 1536w, https:\/\/capitainecoco.fr\/wp-content\/uploads\/2024\/07\/Decouvrez-les-fondamentaux-de-la-voile-classique-en-mer-1320x796.png 1320w\" sizes=\"(max-width: 1673px) 100vw, 1673px\" \/>\t\t\t\t\t\t\t\t\t\t\t\t\t\t\t<\/div>\n\t\t\t\t<\/div>\n\t\t\t\t\t<\/div>\n\t\t<\/div>\n\t\t\t\t<div class=\"elementor-column elementor-col-50 elementor-inner-column elementor-element elementor-element-192d8418\" data-id=\"192d8418\" data-element_type=\"column\" data-e-type=\"column\" data-settings=\"{&quot;background_background&quot;:&quot;classic&quot;,&quot;background_motion_fx_motion_fx_mouse&quot;:&quot;yes&quot;}\">\n\t\t\t<div class=\"elementor-widget-wrap elementor-element-populated\">\n\t\t\t\t\t\t<div class=\"elementor-element elementor-element-42bf069b elementor-widget__width-initial elementor-widget elementor-widget-spacer\" data-id=\"42bf069b\" data-element_type=\"widget\" data-e-type=\"widget\" data-widget_type=\"spacer.default\">\n\t\t\t\t<div class=\"elementor-widget-container\">\n\t\t\t\t\t\t\t<div class=\"elementor-spacer\">\n\t\t\t<div class=\"elementor-spacer-inner\"><\/div>\n\t\t<\/div>\n\t\t\t\t\t\t<\/div>\n\t\t\t\t<\/div>\n\t\t\t\t\t<\/div>\n\t\t<\/div>\n\t\t\t\t\t<\/div>\n\t\t<\/section>\n\t\t\t\t<div class=\"elementor-element elementor-element-53ae2832 elementor-widget elementor-widget-text-editor\" data-id=\"53ae2832\" data-element_type=\"widget\" data-e-type=\"widget\" data-widget_type=\"text-editor.default\">\n\t\t\t\t<div class=\"elementor-widget-container\">\n\t\t\t\t\t\t\t\t\t<p><strong>\u6930\u5b50<\/strong>, c\u2019est bien plus qu\u2019un bateau : c\u2019est une passerelle vers le pass\u00e9, un hommage \u00e0 l\u2019artisanat nautique traditionnel et une promesse d\u2019aventure au c\u0153ur des paysages somptueux de la rade marseillaise.<\/p><p>Avec une capacit\u00e9 d\u2019accueil de <strong>10 passagers<\/strong>, <b>\u6930\u5b50 <\/b>est id\u00e9al pour des sorties en petit groupe, que ce soit pour une journ\u00e9e de d\u00e9tente, une initiation \u00e0 la voile, ou un \u00e9v\u00e9nement priv\u00e9 m\u00e9morable. Venez hisser les voiles, d\u00e9couvrir des criques cach\u00e9es, ou simplement profiter du silence apaisant d\u2019une navigation respectueuse de la nature.<\/p><p><strong>R\u00e9servez votre exp\u00e9rience \u00e0 bord de Marius et vivez la mer autrement !<\/strong><\/p>\t\t\t\t\t\t\t\t<\/div>\n\t\t\t\t<\/div>\n\t\t\t\t<div class=\"elementor-element elementor-element-401d7da2 elementor-widget elementor-widget-gallery\" data-id=\"401d7da2\" data-element_type=\"widget\" data-e-type=\"widget\" data-settings=\"{&quot;gallery_layout&quot;:&quot;justified&quot;,&quot;lazyload&quot;:&quot;yes&quot;,&quot;ideal_row_height&quot;:{&quot;unit&quot;:&quot;px&quot;,&quot;size&quot;:200,&quot;sizes&quot;:[]},&quot;ideal_row_height_tablet&quot;:{&quot;unit&quot;:&quot;px&quot;,&quot;size&quot;:150,&quot;sizes&quot;:[]},&quot;ideal_row_height_mobile&quot;:{&quot;unit&quot;:&quot;px&quot;,&quot;size&quot;:150,&quot;sizes&quot;:[]},&quot;gap&quot;:{&quot;unit&quot;:&quot;px&quot;,&quot;size&quot;:10,&quot;sizes&quot;:[]},&quot;gap_tablet&quot;:{&quot;unit&quot;:&quot;px&quot;,&quot;size&quot;:10,&quot;sizes&quot;:[]},&quot;gap_mobile&quot;:{&quot;unit&quot;:&quot;px&quot;,&quot;size&quot;:10,&quot;sizes&quot;:[]},&quot;link_to&quot;:&quot;file&quot;,&quot;overlay_background&quot;:&quot;yes&quot;,&quot;content_hover_animation&quot;:&quot;fade-in&quot;}\" data-widget_type=\"gallery.default\">\n\t\t\t\t<div class=\"elementor-widget-container\">\n\t\t\t\t\t\t\t<div class=\"elementor-gallery__container\">\n\t\t\t\t\t\t\t<a class=\"e-gallery-item elementor-gallery-item elementor-animated-content\" href=\"https:\/\/capitainecoco.fr\/wp-content\/uploads\/2024\/04\/Une-Experience-Unique-en-Mer-Mediterranee.png\" data-elementor-open-lightbox=\"yes\" data-elementor-lightbox-slideshow=\"401d7da2\" data-e-action-hash=\"#elementor-action%3Aaction%3Dlightbox%26settings%3DeyJpZCI6MTkxMiwidXJsIjoiaHR0cHM6XC9cL2NhcGl0YWluZWNvY28uZnJcL3dwLWNvbnRlbnRcL3VwbG9hZHNcLzIwMjRcLzA0XC9VbmUtRXhwZXJpZW5jZS1VbmlxdWUtZW4tTWVyLU1lZGl0ZXJyYW5lZS5wbmciLCJzbGlkZXNob3ciOiI0MDFkN2RhMiJ9\">\n\t\t\t\t\t<div class=\"e-gallery-image elementor-gallery-item__image\" data-thumbnail=\"https:\/\/capitainecoco.fr\/wp-content\/uploads\/2024\/04\/Une-Experience-Unique-en-Mer-Mediterranee-210x300.png\" data-width=\"210\" data-height=\"300\" aria-label=\"\" role=\"img\" ><\/div>\n\t\t\t\t\t\t\t\t\t\t\t<div class=\"elementor-gallery-item__overlay\"><\/div>\n\t\t\t\t\t\t\t\t\t\t\t\t\t\t<\/a>\n\t\t\t\t\t\t\t<a class=\"e-gallery-item elementor-gallery-item elementor-animated-content\" href=\"https:\/\/capitainecoco.fr\/wp-content\/uploads\/2024\/02\/Pourquoi-les-Sorties-sont-Toutes-Guidees-sur-Capitaine-Coco-Decouvrez-les-Raisons-de-ce-Choix.png\" data-elementor-open-lightbox=\"yes\" data-elementor-lightbox-slideshow=\"401d7da2\" data-e-action-hash=\"#elementor-action%3Aaction%3Dlightbox%26settings%3DeyJpZCI6MjczLCJ1cmwiOiJodHRwczpcL1wvY2FwaXRhaW5lY29jby5mclwvd3AtY29udGVudFwvdXBsb2Fkc1wvMjAyNFwvMDJcL1BvdXJxdW9pLWxlcy1Tb3J0aWVzLXNvbnQtVG91dGVzLUd1aWRlZXMtc3VyLUNhcGl0YWluZS1Db2NvLURlY291dnJlei1sZXMtUmFpc29ucy1kZS1jZS1DaG9peC5wbmciLCJzbGlkZXNob3ciOiI0MDFkN2RhMiJ9\">\n\t\t\t\t\t<div class=\"e-gallery-image elementor-gallery-item__image\" data-thumbnail=\"https:\/\/capitainecoco.fr\/wp-content\/uploads\/2024\/02\/Pourquoi-les-Sorties-sont-Toutes-Guidees-sur-Capitaine-Coco-Decouvrez-les-Raisons-de-ce-Choix-210x300.png\" data-width=\"210\" data-height=\"300\" aria-label=\"\" role=\"img\" ><\/div>\n\t\t\t\t\t\t\t\t\t\t\t<div class=\"elementor-gallery-item__overlay\"><\/div>\n\t\t\t\t\t\t\t\t\t\t\t\t\t\t<\/a>\n\t\t\t\t\t\t\t<a class=\"e-gallery-item elementor-gallery-item elementor-animated-content\" href=\"https:\/\/capitainecoco.fr\/wp-content\/uploads\/2024\/02\/Quoi-faire-sur-lIle-du-Frioul-La-reponse-RIEN-1.png\" data-elementor-open-lightbox=\"yes\" data-elementor-lightbox-slideshow=\"401d7da2\" data-e-action-hash=\"#elementor-action%3Aaction%3Dlightbox%26settings%3DeyJpZCI6MzY4LCJ1cmwiOiJodHRwczpcL1wvY2FwaXRhaW5lY29jby5mclwvd3AtY29udGVudFwvdXBsb2Fkc1wvMjAyNFwvMDJcL1F1b2ktZmFpcmUtc3VyLWxJbGUtZHUtRnJpb3VsLUxhLXJlcG9uc2UtUklFTi0xLnBuZyIsInNsaWRlc2hvdyI6IjQwMWQ3ZGEyIn0%3D\">\n\t\t\t\t\t<div class=\"e-gallery-image elementor-gallery-item__image\" data-thumbnail=\"https:\/\/capitainecoco.fr\/wp-content\/uploads\/2024\/02\/Quoi-faire-sur-lIle-du-Frioul-La-reponse-RIEN-1-210x300.png\" data-width=\"210\" data-height=\"300\" aria-label=\"\" role=\"img\" ><\/div>\n\t\t\t\t\t\t\t\t\t\t\t<div class=\"elementor-gallery-item__overlay\"><\/div>\n\t\t\t\t\t\t\t\t\t\t\t\t\t\t<\/a>\n\t\t\t\t\t\t\t<a class=\"e-gallery-item elementor-gallery-item elementor-animated-content\" href=\"https:\/\/capitainecoco.fr\/wp-content\/uploads\/2024\/02\/Plongez-dans-lUnivers-Maritime-de-Marseille-Conseils-et-Astuces-pour-une-Visite-Memorable.png\" data-elementor-open-lightbox=\"yes\" data-elementor-lightbox-slideshow=\"401d7da2\" data-e-action-hash=\"#elementor-action%3Aaction%3Dlightbox%26settings%3DeyJpZCI6MjcyLCJ1cmwiOiJodHRwczpcL1wvY2FwaXRhaW5lY29jby5mclwvd3AtY29udGVudFwvdXBsb2Fkc1wvMjAyNFwvMDJcL1Bsb25nZXotZGFucy1sVW5pdmVycy1NYXJpdGltZS1kZS1NYXJzZWlsbGUtQ29uc2VpbHMtZXQtQXN0dWNlcy1wb3VyLXVuZS1WaXNpdGUtTWVtb3JhYmxlLnBuZyIsInNsaWRlc2hvdyI6IjQwMWQ3ZGEyIn0%3D\">\n\t\t\t\t\t<div class=\"e-gallery-image elementor-gallery-item__image\" data-thumbnail=\"https:\/\/capitainecoco.fr\/wp-content\/uploads\/2024\/02\/Plongez-dans-lUnivers-Maritime-de-Marseille-Conseils-et-Astuces-pour-une-Visite-Memorable-210x300.png\" data-width=\"210\" data-height=\"300\" aria-label=\"\" role=\"img\" ><\/div>\n\t\t\t\t\t\t\t\t\t\t\t<div class=\"elementor-gallery-item__overlay\"><\/div>\n\t\t\t\t\t\t\t\t\t\t\t\t\t\t<\/a>\n\t\t\t\t\t\t\t<a class=\"e-gallery-item elementor-gallery-item elementor-animated-content\" href=\"https:\/\/capitainecoco.fr\/wp-content\/uploads\/2024\/02\/Que-Visiter-a-Marseille-en-4-Jours-Decouvrez-les-Richesses-de-la-Ville-et-ses-Environs-1.png\" data-elementor-open-lightbox=\"yes\" data-elementor-lightbox-slideshow=\"401d7da2\" data-e-action-hash=\"#elementor-action%3Aaction%3Dlightbox%26settings%3DeyJpZCI6MzY2LCJ1cmwiOiJodHRwczpcL1wvY2FwaXRhaW5lY29jby5mclwvd3AtY29udGVudFwvdXBsb2Fkc1wvMjAyNFwvMDJcL1F1ZS1WaXNpdGVyLWEtTWFyc2VpbGxlLWVuLTQtSm91cnMtRGVjb3V2cmV6LWxlcy1SaWNoZXNzZXMtZGUtbGEtVmlsbGUtZXQtc2VzLUVudmlyb25zLTEucG5nIiwic2xpZGVzaG93IjoiNDAxZDdkYTIifQ%3D%3D\">\n\t\t\t\t\t<div class=\"e-gallery-image elementor-gallery-item__image\" data-thumbnail=\"https:\/\/capitainecoco.fr\/wp-content\/uploads\/2024\/02\/Que-Visiter-a-Marseille-en-4-Jours-Decouvrez-les-Richesses-de-la-Ville-et-ses-Environs-1-210x300.png\" data-width=\"210\" data-height=\"300\" aria-label=\"\" role=\"img\" ><\/div>\n\t\t\t\t\t\t\t\t\t\t\t<div class=\"elementor-gallery-item__overlay\"><\/div>\n\t\t\t\t\t\t\t\t\t\t\t\t\t\t<\/a>\n\t\t\t\t\t\t\t<a class=\"e-gallery-item elementor-gallery-item elementor-animated-content\" href=\"https:\/\/capitainecoco.fr\/wp-content\/uploads\/2024\/04\/Une-Aventure-Accessible-a-Tous.png\" data-elementor-open-lightbox=\"yes\" data-elementor-lightbox-slideshow=\"401d7da2\" data-e-action-hash=\"#elementor-action%3Aaction%3Dlightbox%26settings%3DeyJpZCI6MTkxMSwidXJsIjoiaHR0cHM6XC9cL2NhcGl0YWluZWNvY28uZnJcL3dwLWNvbnRlbnRcL3VwbG9hZHNcLzIwMjRcLzA0XC9VbmUtQXZlbnR1cmUtQWNjZXNzaWJsZS1hLVRvdXMucG5nIiwic2xpZGVzaG93IjoiNDAxZDdkYTIifQ%3D%3D\">\n\t\t\t\t\t<div class=\"e-gallery-image elementor-gallery-item__image\" data-thumbnail=\"https:\/\/capitainecoco.fr\/wp-content\/uploads\/2024\/04\/Une-Aventure-Accessible-a-Tous-210x300.png\" data-width=\"210\" data-height=\"300\" aria-label=\"\" role=\"img\" ><\/div>\n\t\t\t\t\t\t\t\t\t\t\t<div class=\"elementor-gallery-item__overlay\"><\/div>\n\t\t\t\t\t\t\t\t\t\t\t\t\t\t<\/a>\n\t\t\t\t\t\t\t<a class=\"e-gallery-item elementor-gallery-item elementor-animated-content\" href=\"https:\/\/capitainecoco.fr\/wp-content\/uploads\/2024\/02\/Marseille-Tradition-Explorez-lHeritage-Maritime-de-la-Cite-Phoceenne.png\" data-elementor-open-lightbox=\"yes\" data-elementor-lightbox-slideshow=\"401d7da2\" data-e-action-hash=\"#elementor-action%3Aaction%3Dlightbox%26settings%3DeyJpZCI6MjYzLCJ1cmwiOiJodHRwczpcL1wvY2FwaXRhaW5lY29jby5mclwvd3AtY29udGVudFwvdXBsb2Fkc1wvMjAyNFwvMDJcL01hcnNlaWxsZS1UcmFkaXRpb24tRXhwbG9yZXotbEhlcml0YWdlLU1hcml0aW1lLWRlLWxhLUNpdGUtUGhvY2Vlbm5lLnBuZyIsInNsaWRlc2hvdyI6IjQwMWQ3ZGEyIn0%3D\">\n\t\t\t\t\t<div class=\"e-gallery-image elementor-gallery-item__image\" data-thumbnail=\"https:\/\/capitainecoco.fr\/wp-content\/uploads\/2024\/02\/Marseille-Tradition-Explorez-lHeritage-Maritime-de-la-Cite-Phoceenne-210x300.png\" data-width=\"210\" data-height=\"300\" aria-label=\"\" role=\"img\" ><\/div>\n\t\t\t\t\t\t\t\t\t\t\t<div class=\"elementor-gallery-item__overlay\"><\/div>\n\t\t\t\t\t\t\t\t\t\t\t\t\t\t<\/a>\n\t\t\t\t\t\t\t<a class=\"e-gallery-item elementor-gallery-item elementor-animated-content\" href=\"https:\/\/capitainecoco.fr\/wp-content\/uploads\/2024\/02\/Weekend-en-Bateau-a-Marseille-Vivez-une-Aventure-Maritime.png\" data-elementor-open-lightbox=\"yes\" data-elementor-lightbox-slideshow=\"401d7da2\" data-e-action-hash=\"#elementor-action%3Aaction%3Dlightbox%26settings%3DeyJpZCI6MzY0LCJ1cmwiOiJodHRwczpcL1wvY2FwaXRhaW5lY29jby5mclwvd3AtY29udGVudFwvdXBsb2Fkc1wvMjAyNFwvMDJcL1dlZWtlbmQtZW4tQmF0ZWF1LWEtTWFyc2VpbGxlLVZpdmV6LXVuZS1BdmVudHVyZS1NYXJpdGltZS5wbmciLCJzbGlkZXNob3ciOiI0MDFkN2RhMiJ9\">\n\t\t\t\t\t<div class=\"e-gallery-image elementor-gallery-item__image\" data-thumbnail=\"https:\/\/capitainecoco.fr\/wp-content\/uploads\/2024\/02\/Weekend-en-Bateau-a-Marseille-Vivez-une-Aventure-Maritime-210x300.png\" data-width=\"210\" data-height=\"300\" aria-label=\"\" role=\"img\" ><\/div>\n\t\t\t\t\t\t\t\t\t\t\t<div class=\"elementor-gallery-item__overlay\"><\/div>\n\t\t\t\t\t\t\t\t\t\t\t\t\t\t<\/a>\n\t\t\t\t\t<\/div>\n\t\t\t\t\t<\/div>\n\t\t\t\t<\/div>\n\t\t\t\t\t<\/div>\n\t\t<\/div>\n\t\t\t\t<div class=\"elementor-column elementor-col-50 elementor-top-column elementor-element elementor-element-59550ad7\" data-id=\"59550ad7\" data-element_type=\"column\" data-e-type=\"column\">\n\t\t\t<div class=\"elementor-widget-wrap elementor-element-populated\">\n\t\t\t\t\t\t<div class=\"elementor-element elementor-element-79dae7e9 elementor-widget elementor-widget-heading\" data-id=\"79dae7e9\" data-element_type=\"widget\" data-e-type=\"widget\" data-widget_type=\"heading.default\">\n\t\t\t\t<div class=\"elementor-widget-container\">\n\t\t\t\t\t<h3 class=\"elementor-heading-title elementor-size-default\"><p><strong>Embarquez \u00e0 bord de Coco, Voilier Classique d\u2019Exception<\/strong><\/p><p><\/p><\/h3>\t\t\t\t<\/div>\n\t\t\t\t<\/div>\n\t\t\t\t<div class=\"elementor-element elementor-element-5242b40d elementor-widget elementor-widget-text-editor\" data-id=\"5242b40d\" data-element_type=\"widget\" data-e-type=\"widget\" data-widget_type=\"text-editor.default\">\n\t\t\t\t<div class=\"elementor-widget-container\">\n\t\t\t\t\t\t\t\t\t<div class=\"elementor-element elementor-element-1f100414 elementor-widget elementor-widget-text-editor\" data-id=\"1f100414\" data-element_type=\"widget\" data-widget_type=\"text-editor.default\"><div class=\"elementor-widget-container\"><p>Le navire Coco est un <strong>authentique<\/strong> <strong>pointu m\u00e9diterran\u00e9en<\/strong>, <strong>embl\u00e9matique des c\u00f4tes de la Provence<\/strong> depuis <strong>1969<\/strong>. Ce type de bateau traditionnel, utilis\u00e9 par les p\u00eacheurs locaux depuis <strong>des si\u00e8cles<\/strong>, est caract\u00e9ris\u00e9 par sa coque robuste et sa capacit\u00e9 \u00e0 naviguer dans les eaux peu profondes des calanques et des \u00eeles environnantes. Voici quelques d\u00e9tails sp\u00e9cifiques sur le navire Coco.<\/p><\/div><\/div>\t\t\t\t\t\t\t\t<\/div>\n\t\t\t\t<\/div>\n\t\t\t\t<div class=\"elementor-element elementor-element-4b1853ef elementor-widget elementor-widget-text-editor\" data-id=\"4b1853ef\" data-element_type=\"widget\" data-e-type=\"widget\" data-widget_type=\"text-editor.default\">\n\t\t\t\t<div class=\"elementor-widget-container\">\n\t\t\t\t\t\t\t\t\t<p><strong>Longueur<\/strong> \u00a0 \u00a0 \u00a0 8 m\u00e8tres<br \/><strong>Capacit\u00e9<\/strong> \u00a0 \u00a0 \u00a0 \u00a0 10 guests<br \/><strong>\u7c7b\u578b<\/strong> \u00a0 \u00a0 \u00a0\u00a0 Voilier Classique<br \/><strong>Prix<\/strong> \u00a0 \u00a0 \u00a0 \u00a0 \u00e0 partir de 450 \u20ac<\/p>\t\t\t\t\t\t\t\t<\/div>\n\t\t\t\t<\/div>\n\t\t<div class=\"elementor-element elementor-element-4e6c34ef e-flex e-con-boxed e-con e-parent\" data-id=\"4e6c34ef\" data-element_type=\"container\" data-e-type=\"container\">\n\t\t\t\t\t<div class=\"e-con-inner\">\n\t\t\t\t<div class=\"elementor-element elementor-element-4e61e525 elementor-widget elementor-widget-text-editor\" data-id=\"4e61e525\" data-element_type=\"widget\" data-e-type=\"widget\" data-widget_type=\"text-editor.default\">\n\t\t\t\t<div class=\"elementor-widget-container\">\n\t\t\t\t\t\t\t\t\t<button-widget widget-id=\"5195c6fe-dfdf-4a7b-92af-e715b67fe7d3\"><\/button-widget><script type=\"text\/javascript\" src=\"https:\/\/widgets.regiondo.net\/button\/v1\/button-widget.min.js\"><\/script>\t\t\t\t\t\t\t\t<\/div>\n\t\t\t\t<\/div>\n\t\t\t\t\t<\/div>\n\t\t\t\t<\/div>\n\t\t\t\t\t<\/div>\n\t\t<\/div>\n\t\t\t\t\t<\/div>\n\t\t<\/section>\n\t\t\t\t<\/div>","protected":false},"excerpt":{"rendered":"<p>R\u00e9server le bateau COCO 1969 Home &gt; COCO 1969 D\u00e9couvrez COCO, le bateau traditionnel pour vos sorties en mer \u00e0 Marseille Montez \u00e0 bord de Coco, un voilier classique traditionnel unique en son genre construit en 1969 et enti\u00e8rement r\u00e9nov\u00e9 avec soin au chantier naval Borg ici en Provence. Nous l&rsquo;avons pens\u00e9 pour offrir une [&hellip;]<\/p>","protected":false},"author":1,"featured_media":0,"parent":0,"menu_order":0,"comment_status":"closed","ping_status":"closed","template":"","meta":{"_seopress_robots_primary_cat":"","_seopress_titles_title":"","_seopress_titles_desc":"","_seopress_robots_index":"","footnotes":""},"class_list":["post-117","page","type-page","status-publish","hentry"],"jetpack_sharing_enabled":true,"_links":{"self":[{"href":"https:\/\/capitainecoco.fr\/zh\/wp-json\/wp\/v2\/pages\/117","targetHints":{"allow":["GET"]}}],"collection":[{"href":"https:\/\/capitainecoco.fr\/zh\/wp-json\/wp\/v2\/pages"}],"about":[{"href":"https:\/\/capitainecoco.fr\/zh\/wp-json\/wp\/v2\/types\/page"}],"author":[{"embeddable":true,"href":"https:\/\/capitainecoco.fr\/zh\/wp-json\/wp\/v2\/users\/1"}],"replies":[{"embeddable":true,"href":"https:\/\/capitainecoco.fr\/zh\/wp-json\/wp\/v2\/comments?post=117"}],"version-history":[{"count":66,"href":"https:\/\/capitainecoco.fr\/zh\/wp-json\/wp\/v2\/pages\/117\/revisions"}],"predecessor-version":[{"id":5887,"href":"https:\/\/capitainecoco.fr\/zh\/wp-json\/wp\/v2\/pages\/117\/revisions\/5887"}],"wp:attachment":[{"href":"https:\/\/capitainecoco.fr\/zh\/wp-json\/wp\/v2\/media?parent=117"}],"curies":[{"name":"wp","href":"https:\/\/api.w.org\/{rel}","templated":true}]}}