{"id":286,"date":"2024-02-04T16:43:01","date_gmt":"2024-02-04T15:43:01","guid":{"rendered":"https:\/\/dev.capitainecoco.fr\/?page_id=286"},"modified":"2026-02-02T14:42:49","modified_gmt":"2026-02-02T13:42:49","slug":"barco-eletrico-tradicional-marius-1968-9m","status":"publish","type":"page","link":"https:\/\/capitainecoco.fr\/pt\/barco-eletrico-tradicional-marius-1968-9m\/","title":{"rendered":"MARIUS bateau traditionnel \u00e9lectrique 1968 9m"},"content":{"rendered":"<div data-elementor-type=\"wp-page\" data-elementor-id=\"286\" class=\"elementor elementor-286\" data-elementor-post-type=\"page\">\n\t\t\t\t\t\t<section class=\"elementor-section elementor-top-section elementor-element elementor-element-953d1e5 elementor-section-height-min-height elementor-section-boxed elementor-section-height-default elementor-section-items-middle\" data-id=\"953d1e5\" data-element_type=\"section\" data-e-type=\"section\" data-settings=\"{&quot;background_background&quot;:&quot;classic&quot;}\">\n\t\t\t\t\t\t\t<div class=\"elementor-background-overlay\"><\/div>\n\t\t\t\t\t\t\t<div class=\"elementor-container elementor-column-gap-default\">\n\t\t\t\t\t<div class=\"elementor-column elementor-col-100 elementor-top-column elementor-element elementor-element-3d04ad16\" data-id=\"3d04ad16\" data-element_type=\"column\" data-e-type=\"column\" data-settings=\"{&quot;background_background&quot;:&quot;classic&quot;}\">\n\t\t\t<div class=\"elementor-widget-wrap elementor-element-populated\">\n\t\t\t\t\t\t<div class=\"elementor-element elementor-element-21a4de73 elementor-widget elementor-widget-heading\" data-id=\"21a4de73\" data-element_type=\"widget\" data-e-type=\"widget\" data-widget_type=\"heading.default\">\n\t\t\t\t<div class=\"elementor-widget-container\">\n\t\t\t\t\t<h2 class=\"elementor-heading-title elementor-size-default\">Reserve o barco MARIUS 1968<\/h2>\t\t\t\t<\/div>\n\t\t\t\t<\/div>\n\t\t\t\t<div class=\"elementor-element elementor-element-55e583dc elementor-widget elementor-widget-text-editor\" data-id=\"55e583dc\" data-element_type=\"widget\" data-e-type=\"widget\" data-widget_type=\"text-editor.default\">\n\t\t\t\t<div class=\"elementor-widget-container\">\n\t\t\t\t\t\t\t\t\t<p><a href=\"#\">In\u00edcio<\/a> &gt; MARIUS 1968<\/p>\t\t\t\t\t\t\t\t<\/div>\n\t\t\t\t<\/div>\n\t\t\t\t\t<\/div>\n\t\t<\/div>\n\t\t\t\t\t<\/div>\n\t\t<\/section>\n\t\t\t\t<section class=\"elementor-section elementor-top-section elementor-element elementor-element-6e5bd60a elementor-reverse-tablet elementor-reverse-mobile elementor-section-boxed elementor-section-height-default elementor-section-height-default\" data-id=\"6e5bd60a\" data-element_type=\"section\" data-e-type=\"section\">\n\t\t\t\t\t\t<div class=\"elementor-container elementor-column-gap-default\">\n\t\t\t\t\t<div class=\"elementor-column elementor-col-50 elementor-top-column elementor-element elementor-element-680e8950\" data-id=\"680e8950\" data-element_type=\"column\" data-e-type=\"column\">\n\t\t\t<div class=\"elementor-widget-wrap elementor-element-populated\">\n\t\t\t\t\t\t<div class=\"elementor-element elementor-element-2978e99 elementor-widget elementor-widget-heading\" data-id=\"2978e99\" data-element_type=\"widget\" data-e-type=\"widget\" data-widget_type=\"heading.default\">\n\t\t\t\t<div class=\"elementor-widget-container\">\n\t\t\t\t\t<h2 class=\"elementor-heading-title elementor-size-default\">Descubra o Marius, o barco tradicional para seus passeios mar\u00edtimos em Marselha<\/h2>\t\t\t\t<\/div>\n\t\t\t\t<\/div>\n\t\t<div class=\"elementor-element elementor-element-0eff5b1 e-flex e-con-boxed e-con e-parent\" data-id=\"0eff5b1\" data-element_type=\"container\" data-e-type=\"container\" data-settings=\"{&quot;background_background&quot;:&quot;classic&quot;}\">\n\t\t\t\t\t<div class=\"e-con-inner\">\n\t\t\t\t<div class=\"elementor-element elementor-element-131a892 elementor-widget elementor-widget-spacer\" data-id=\"131a892\" data-element_type=\"widget\" data-e-type=\"widget\" data-widget_type=\"spacer.default\">\n\t\t\t\t<div class=\"elementor-widget-container\">\n\t\t\t\t\t\t\t<div class=\"elementor-spacer\">\n\t\t\t<div class=\"elementor-spacer-inner\"><\/div>\n\t\t<\/div>\n\t\t\t\t\t\t<\/div>\n\t\t\t\t<\/div>\n\t\t\t\t\t<\/div>\n\t\t\t\t<\/div>\n\t\t\t\t<div class=\"elementor-element elementor-element-185118f9 elementor-widget elementor-widget-text-editor\" data-id=\"185118f9\" data-element_type=\"widget\" data-e-type=\"widget\" data-widget_type=\"text-editor.default\">\n\t\t\t\t<div class=\"elementor-widget-container\">\n\t\t\t\t\t\t\t\t\t<h3>Suba a bordo <strong>Marius<\/strong>, um veleiro tradicional da Auric <strong>\u00fanico<\/strong>,<\/h3><p>embutido <strong>1968<\/strong> e totalmente renovado com cuidado<strong> <a href=\"https:\/\/capitainecoco.fr\/pt\/le-monde-de-la-barquettedu-bateau-classique-et-des-charpentiers-passionnes\/\">no estaleiro Vent d'Ouest<\/a><\/strong> aqui na Provence. N\u00f3s o projetamos para oferecer uma experi\u00eancia mar\u00edtima aut\u00eantica e <strong>Favor\u00e1vel ao meio ambiente<\/strong>, e um <strong>conforto para 12 assentos <\/strong>com espa\u00e7o no conv\u00e9s e um piso elevado. Com sua <strong>9 metros de comprimento<\/strong>, Com suas linhas elegantes, novo conv\u00e9s de teca e cordame \u00e1urico, o Marius o convida a mergulhar na hist\u00f3ria mar\u00edtima do Mediterr\u00e2neo enquanto desfruta dos confortos modernos de um iate de luxo. <strong><a href=\"https:\/\/capitainecoco.fr\/pt\/propulsion-electrique\/\">inovador sistema de acionamento el\u00e9trico 100%<\/a>.<\/strong><\/p>\t\t\t\t\t\t\t\t<\/div>\n\t\t\t\t<\/div>\n\t\t\t\t<div class=\"elementor-element elementor-element-5c073e2a elementor-widget elementor-widget-heading\" data-id=\"5c073e2a\" data-element_type=\"widget\" data-e-type=\"widget\" data-widget_type=\"heading.default\">\n\t\t\t\t<div class=\"elementor-widget-container\">\n\t\t\t\t\t<h4 class=\"elementor-heading-title elementor-size-default\">Descubra Marius 1968, para at\u00e9 12 pessoas, saindo do Vieux Port Marseille<\/h4>\t\t\t\t<\/div>\n\t\t\t\t<\/div>\n\t\t\t\t<section class=\"elementor-section elementor-inner-section elementor-element elementor-element-1a1d7980 elementor-section-boxed elementor-section-height-default elementor-section-height-default\" data-id=\"1a1d7980\" data-element_type=\"section\" data-e-type=\"section\">\n\t\t\t\t\t\t<div class=\"elementor-container elementor-column-gap-no\">\n\t\t\t\t\t<div class=\"elementor-column elementor-col-50 elementor-inner-column elementor-element elementor-element-4e206aea\" data-id=\"4e206aea\" data-element_type=\"column\" data-e-type=\"column\">\n\t\t\t<div class=\"elementor-widget-wrap elementor-element-populated\">\n\t\t\t\t\t\t<div class=\"elementor-element elementor-element-4f00b74d elementor-widget__width-initial elementor-widget elementor-widget-image\" data-id=\"4f00b74d\" data-element_type=\"widget\" data-e-type=\"widget\" data-widget_type=\"image.default\">\n\t\t\t\t<div class=\"elementor-widget-container\">\n\t\t\t\t\t\t\t\t\t\t\t\t\t\t\t<img alt=\"\" fetchpriority=\"high\" decoding=\"async\" width=\"640\" height=\"426\" src=\"https:\/\/capitainecoco.fr\/wp-content\/uploads\/2024\/03\/LES-4-GABIANS-e1711203427984.jpg\" class=\"attachment-full size-full wp-image-974\" srcset=\"https:\/\/capitainecoco.fr\/wp-content\/uploads\/2024\/03\/LES-4-GABIANS-e1711203427984.jpg 640w, https:\/\/capitainecoco.fr\/wp-content\/uploads\/2024\/03\/LES-4-GABIANS-e1711203427984-600x399.jpg 600w, https:\/\/capitainecoco.fr\/wp-content\/uploads\/2024\/03\/LES-4-GABIANS-e1711203427984-300x200.jpg 300w\" sizes=\"(max-width: 640px) 100vw, 640px\" \/>\t\t\t\t\t\t\t\t\t\t\t\t\t\t\t<\/div>\n\t\t\t\t<\/div>\n\t\t\t\t\t<\/div>\n\t\t<\/div>\n\t\t\t\t<div class=\"elementor-column elementor-col-50 elementor-inner-column elementor-element elementor-element-2a3910f\" data-id=\"2a3910f\" data-element_type=\"column\" data-e-type=\"column\" data-settings=\"{&quot;background_background&quot;:&quot;classic&quot;,&quot;background_motion_fx_motion_fx_mouse&quot;:&quot;yes&quot;}\">\n\t\t\t<div class=\"elementor-widget-wrap elementor-element-populated\">\n\t\t\t\t\t\t<div class=\"elementor-element elementor-element-e4a8c2e elementor-widget elementor-widget-spacer\" data-id=\"e4a8c2e\" data-element_type=\"widget\" data-e-type=\"widget\" data-widget_type=\"spacer.default\">\n\t\t\t\t<div class=\"elementor-widget-container\">\n\t\t\t\t\t\t\t<div class=\"elementor-spacer\">\n\t\t\t<div class=\"elementor-spacer-inner\"><\/div>\n\t\t<\/div>\n\t\t\t\t\t\t<\/div>\n\t\t\t\t<\/div>\n\t\t\t\t\t<\/div>\n\t\t<\/div>\n\t\t\t\t\t<\/div>\n\t\t<\/section>\n\t\t\t\t<div class=\"elementor-element elementor-element-62e3838c elementor-widget elementor-widget-text-editor\" data-id=\"62e3838c\" data-element_type=\"widget\" data-e-type=\"widget\" data-widget_type=\"text-editor.default\">\n\t\t\t\t<div class=\"elementor-widget-container\">\n\t\t\t\t\t\t\t\t\t<p><strong>Marius<\/strong>, \u00e9 muito mais do que um barco: \u00e9 uma porta de entrada para o passado, um tributo ao artesanato n\u00e1utico tradicional e uma promessa de aventura no cora\u00e7\u00e3o das suntuosas paisagens do porto de Marselha.<\/p><p>Com uma capacidade de <strong>12 passageiros<\/strong>, <strong>Marius<\/strong> \u00e9 ideal para passeios de pequenos grupos, seja para um dia relaxante, uma introdu\u00e7\u00e3o \u00e0 navega\u00e7\u00e3o ou um evento particular memor\u00e1vel. Venha i\u00e7ar as velas, descobrir enseadas escondidas ou simplesmente desfrutar do sil\u00eancio relaxante de uma navega\u00e7\u00e3o que respeita a natureza.<\/p><p><strong>Reserve sua experi\u00eancia a bordo do Marius e vivencie o mar de forma diferente!<\/strong><\/p>\t\t\t\t\t\t\t\t<\/div>\n\t\t\t\t<\/div>\n\t\t\t\t<div class=\"elementor-element elementor-element-49bb4c4 elementor-widget elementor-widget-gallery\" data-id=\"49bb4c4\" data-element_type=\"widget\" data-e-type=\"widget\" data-settings=\"{&quot;gallery_layout&quot;:&quot;justified&quot;,&quot;lazyload&quot;:&quot;yes&quot;,&quot;ideal_row_height&quot;:{&quot;unit&quot;:&quot;px&quot;,&quot;size&quot;:200,&quot;sizes&quot;:[]},&quot;ideal_row_height_tablet&quot;:{&quot;unit&quot;:&quot;px&quot;,&quot;size&quot;:150,&quot;sizes&quot;:[]},&quot;ideal_row_height_mobile&quot;:{&quot;unit&quot;:&quot;px&quot;,&quot;size&quot;:150,&quot;sizes&quot;:[]},&quot;gap&quot;:{&quot;unit&quot;:&quot;px&quot;,&quot;size&quot;:10,&quot;sizes&quot;:[]},&quot;gap_tablet&quot;:{&quot;unit&quot;:&quot;px&quot;,&quot;size&quot;:10,&quot;sizes&quot;:[]},&quot;gap_mobile&quot;:{&quot;unit&quot;:&quot;px&quot;,&quot;size&quot;:10,&quot;sizes&quot;:[]},&quot;link_to&quot;:&quot;file&quot;,&quot;overlay_background&quot;:&quot;yes&quot;,&quot;content_hover_animation&quot;:&quot;fade-in&quot;}\" data-widget_type=\"gallery.default\">\n\t\t\t\t<div class=\"elementor-widget-container\">\n\t\t\t\t\t\t\t<div class=\"elementor-gallery__container\">\n\t\t\t\t\t\t\t<a class=\"e-gallery-item elementor-gallery-item elementor-animated-content\" href=\"https:\/\/capitainecoco.fr\/wp-content\/uploads\/2025\/04\/Explorez-le-charme-intemporel-du-bateau-vieux-greement-en-mer-avec-MARIUS-1968-au-Vieux-Port-de-Marseille-5.jpg\" data-elementor-open-lightbox=\"yes\" data-elementor-lightbox-slideshow=\"49bb4c4\" data-e-action-hash=\"#elementor-action%3Aaction%3Dlightbox%26settings%3DeyJpZCI6NDc1NiwidXJsIjoiaHR0cHM6XC9cL2NhcGl0YWluZWNvY28uZnJcL3dwLWNvbnRlbnRcL3VwbG9hZHNcLzIwMjVcLzA0XC9FeHBsb3Jlei1sZS1jaGFybWUtaW50ZW1wb3JlbC1kdS1iYXRlYXUtdmlldXgtZ3JlZW1lbnQtZW4tbWVyLWF2ZWMtTUFSSVVTLTE5NjgtYXUtVmlldXgtUG9ydC1kZS1NYXJzZWlsbGUtNS5qcGciLCJzbGlkZXNob3ciOiI0OWJiNGM0In0%3D\">\n\t\t\t\t\t<div class=\"e-gallery-image elementor-gallery-item__image\" data-thumbnail=\"https:\/\/capitainecoco.fr\/wp-content\/uploads\/2025\/04\/Explorez-le-charme-intemporel-du-bateau-vieux-greement-en-mer-avec-MARIUS-1968-au-Vieux-Port-de-Marseille-5-225x300.jpg\" data-width=\"225\" data-height=\"300\" aria-label=\"explore o charme atemporal do antigo barco de cordame no mar com a marius 1968 no antigo porto de marselha (5)\" role=\"img\" ><\/div>\n\t\t\t\t\t\t\t\t\t\t\t<div class=\"elementor-gallery-item__overlay\"><\/div>\n\t\t\t\t\t\t\t\t\t\t\t\t\t\t<\/a>\n\t\t\t\t\t\t\t<a class=\"e-gallery-item elementor-gallery-item elementor-animated-content\" href=\"https:\/\/capitainecoco.fr\/wp-content\/uploads\/2025\/04\/Explorez-le-charme-intemporel-du-bateau-vieux-greement-en-mer-avec-MARIUS-1968-au-Vieux-Port-de-Marseille-1-scaled.jpg\" data-elementor-open-lightbox=\"yes\" data-elementor-lightbox-slideshow=\"49bb4c4\" data-e-action-hash=\"#elementor-action%3Aaction%3Dlightbox%26settings%3DeyJpZCI6NDc1NywidXJsIjoiaHR0cHM6XC9cL2NhcGl0YWluZWNvY28uZnJcL3dwLWNvbnRlbnRcL3VwbG9hZHNcLzIwMjVcLzA0XC9FeHBsb3Jlei1sZS1jaGFybWUtaW50ZW1wb3JlbC1kdS1iYXRlYXUtdmlldXgtZ3JlZW1lbnQtZW4tbWVyLWF2ZWMtTUFSSVVTLTE5NjgtYXUtVmlldXgtUG9ydC1kZS1NYXJzZWlsbGUtMS1zY2FsZWQuanBnIiwic2xpZGVzaG93IjoiNDliYjRjNCJ9\">\n\t\t\t\t\t<div class=\"e-gallery-image elementor-gallery-item__image\" data-thumbnail=\"https:\/\/capitainecoco.fr\/wp-content\/uploads\/2025\/04\/Explorez-le-charme-intemporel-du-bateau-vieux-greement-en-mer-avec-MARIUS-1968-au-Vieux-Port-de-Marseille-1-225x300.jpg\" data-width=\"225\" data-height=\"300\" aria-label=\"explore o charme atemporal do antigo barco de cordame no mar com a marius 1968 no antigo porto de marselha (1)\" role=\"img\" ><\/div>\n\t\t\t\t\t\t\t\t\t\t\t<div class=\"elementor-gallery-item__overlay\"><\/div>\n\t\t\t\t\t\t\t\t\t\t\t\t\t\t<\/a>\n\t\t\t\t\t\t\t<a class=\"e-gallery-item elementor-gallery-item elementor-animated-content\" href=\"https:\/\/capitainecoco.fr\/wp-content\/uploads\/2025\/04\/Explorez-le-charme-intemporel-du-bateau-vieux-greement-en-mer-avec-MARIUS-1968-au-Vieux-Port-de-Marseille-2.jpg\" data-elementor-open-lightbox=\"yes\" data-elementor-lightbox-slideshow=\"49bb4c4\" data-e-action-hash=\"#elementor-action%3Aaction%3Dlightbox%26settings%3DeyJpZCI6NDc1OCwidXJsIjoiaHR0cHM6XC9cL2NhcGl0YWluZWNvY28uZnJcL3dwLWNvbnRlbnRcL3VwbG9hZHNcLzIwMjVcLzA0XC9FeHBsb3Jlei1sZS1jaGFybWUtaW50ZW1wb3JlbC1kdS1iYXRlYXUtdmlldXgtZ3JlZW1lbnQtZW4tbWVyLWF2ZWMtTUFSSVVTLTE5NjgtYXUtVmlldXgtUG9ydC1kZS1NYXJzZWlsbGUtMi5qcGciLCJzbGlkZXNob3ciOiI0OWJiNGM0In0%3D\">\n\t\t\t\t\t<div class=\"e-gallery-image elementor-gallery-item__image\" data-thumbnail=\"https:\/\/capitainecoco.fr\/wp-content\/uploads\/2025\/04\/Explorez-le-charme-intemporel-du-bateau-vieux-greement-en-mer-avec-MARIUS-1968-au-Vieux-Port-de-Marseille-2-225x300.jpg\" data-width=\"225\" data-height=\"300\" aria-label=\"explore o charme atemporal do antigo barco de cordame no mar com a marius 1968 no antigo porto de marselha (2)\" role=\"img\" ><\/div>\n\t\t\t\t\t\t\t\t\t\t\t<div class=\"elementor-gallery-item__overlay\"><\/div>\n\t\t\t\t\t\t\t\t\t\t\t\t\t\t<\/a>\n\t\t\t\t\t\t\t<a class=\"e-gallery-item elementor-gallery-item elementor-animated-content\" href=\"https:\/\/capitainecoco.fr\/wp-content\/uploads\/2025\/04\/Explorez-le-charme-intemporel-du-bateau-vieux-greement-en-mer-avec-MARIUS-1968-au-Vieux-Port-de-Marseille-3.jpg\" data-elementor-open-lightbox=\"yes\" data-elementor-lightbox-slideshow=\"49bb4c4\" data-e-action-hash=\"#elementor-action%3Aaction%3Dlightbox%26settings%3DeyJpZCI6NDc1OSwidXJsIjoiaHR0cHM6XC9cL2NhcGl0YWluZWNvY28uZnJcL3dwLWNvbnRlbnRcL3VwbG9hZHNcLzIwMjVcLzA0XC9FeHBsb3Jlei1sZS1jaGFybWUtaW50ZW1wb3JlbC1kdS1iYXRlYXUtdmlldXgtZ3JlZW1lbnQtZW4tbWVyLWF2ZWMtTUFSSVVTLTE5NjgtYXUtVmlldXgtUG9ydC1kZS1NYXJzZWlsbGUtMy5qcGciLCJzbGlkZXNob3ciOiI0OWJiNGM0In0%3D\">\n\t\t\t\t\t<div class=\"e-gallery-image elementor-gallery-item__image\" data-thumbnail=\"https:\/\/capitainecoco.fr\/wp-content\/uploads\/2025\/04\/Explorez-le-charme-intemporel-du-bateau-vieux-greement-en-mer-avec-MARIUS-1968-au-Vieux-Port-de-Marseille-3-225x300.jpg\" data-width=\"225\" data-height=\"300\" aria-label=\"explore o charme atemporal do antigo barco de cordame no mar com a marius 1968 no antigo porto de marselha (3)\" role=\"img\" ><\/div>\n\t\t\t\t\t\t\t\t\t\t\t<div class=\"elementor-gallery-item__overlay\"><\/div>\n\t\t\t\t\t\t\t\t\t\t\t\t\t\t<\/a>\n\t\t\t\t\t\t\t<a class=\"e-gallery-item elementor-gallery-item elementor-animated-content\" href=\"https:\/\/capitainecoco.fr\/wp-content\/uploads\/2025\/04\/Explorez-le-charme-intemporel-du-bateau-vieux-greement-en-mer-avec-MARIUS-1968-au-Vieux-Port-de-Marseille-4.jpg\" data-elementor-open-lightbox=\"yes\" data-elementor-lightbox-slideshow=\"49bb4c4\" data-e-action-hash=\"#elementor-action%3Aaction%3Dlightbox%26settings%3DeyJpZCI6NDc2MCwidXJsIjoiaHR0cHM6XC9cL2NhcGl0YWluZWNvY28uZnJcL3dwLWNvbnRlbnRcL3VwbG9hZHNcLzIwMjVcLzA0XC9FeHBsb3Jlei1sZS1jaGFybWUtaW50ZW1wb3JlbC1kdS1iYXRlYXUtdmlldXgtZ3JlZW1lbnQtZW4tbWVyLWF2ZWMtTUFSSVVTLTE5NjgtYXUtVmlldXgtUG9ydC1kZS1NYXJzZWlsbGUtNC5qcGciLCJzbGlkZXNob3ciOiI0OWJiNGM0In0%3D\">\n\t\t\t\t\t<div class=\"e-gallery-image elementor-gallery-item__image\" data-thumbnail=\"https:\/\/capitainecoco.fr\/wp-content\/uploads\/2025\/04\/Explorez-le-charme-intemporel-du-bateau-vieux-greement-en-mer-avec-MARIUS-1968-au-Vieux-Port-de-Marseille-4-225x300.jpg\" data-width=\"225\" data-height=\"300\" aria-label=\"explore o charme atemporal do antigo barco de cordame no mar com a marius 1968 no antigo porto de marselha (4)\" role=\"img\" ><\/div>\n\t\t\t\t\t\t\t\t\t\t\t<div class=\"elementor-gallery-item__overlay\"><\/div>\n\t\t\t\t\t\t\t\t\t\t\t\t\t\t<\/a>\n\t\t\t\t\t<\/div>\n\t\t\t\t\t<\/div>\n\t\t\t\t<\/div>\n\t\t\t\t\t<\/div>\n\t\t<\/div>\n\t\t\t\t<div class=\"elementor-column elementor-col-50 elementor-top-column elementor-element elementor-element-4efd5d34\" data-id=\"4efd5d34\" data-element_type=\"column\" data-e-type=\"column\">\n\t\t\t<div class=\"elementor-widget-wrap elementor-element-populated\">\n\t\t\t\t\t\t<div class=\"elementor-element elementor-element-3a69d0b4 elementor-widget elementor-widget-heading\" data-id=\"3a69d0b4\" data-element_type=\"widget\" data-e-type=\"widget\" data-widget_type=\"heading.default\">\n\t\t\t\t<div class=\"elementor-widget-container\">\n\t\t\t\t\t<h3 class=\"elementor-heading-title elementor-size-default\"><p><strong>Venha a bordo do Marius, um veleiro Auric excepcional<\/strong><\/p><p><\/p><\/h3>\t\t\t\t<\/div>\n\t\t\t\t<\/div>\n\t\t\t\t<div class=\"elementor-element elementor-element-2aff7613 elementor-widget elementor-widget-text-editor\" data-id=\"2aff7613\" data-element_type=\"widget\" data-e-type=\"widget\" data-widget_type=\"text-editor.default\">\n\t\t\t\t<div class=\"elementor-widget-container\">\n\t\t\t\t\t\t\t\t\t<p>Mergulhe na autenticidade mar\u00edtima com <strong>Marius<\/strong>, um veleiro \u00e1urico tradicional de <strong>1968<\/strong>, Ele foi restaurado com paix\u00e3o para combinar o charme de antigamente com uma abordagem ecol\u00f3gica moderna, gra\u00e7as \u00e0 sua <strong>acionamento el\u00e9trico<\/strong>. Com sua <strong>12 passageiros<\/strong>, O Marius \u00e9 perfeito para passeios \u00edntimos, eventos privados ou uma descoberta \u00fanica do litoral de Marselha.<\/p>\t\t\t\t\t\t\t\t<\/div>\n\t\t\t\t<\/div>\n\t\t\t\t<div class=\"elementor-element elementor-element-5f144694 elementor-widget elementor-widget-text-editor\" data-id=\"5f144694\" data-element_type=\"widget\" data-e-type=\"widget\" data-widget_type=\"text-editor.default\">\n\t\t\t\t<div class=\"elementor-widget-container\">\n\t\t\t\t\t\t\t\t\t<p><strong>Comprimento<\/strong> \u00a0 \u00a0 \u00a0 9 metros<br \/><strong>Capacidade<\/strong> \u00a0 \u00a0 \u00a0 \u00a0 12 convidados<br \/><strong>Tipo<\/strong> \u00a0 \u00a0 \u00a0\u00a0 Veleiro Auric<br \/><strong>Pre\u00e7os<\/strong> \u00a0 \u00a0 \u00a0 \u00a0 a partir de \u20ac450<\/p>\t\t\t\t\t\t\t\t<\/div>\n\t\t\t\t<\/div>\n\t\t<div class=\"elementor-element elementor-element-346d3c7 e-flex e-con-boxed e-con e-parent\" data-id=\"346d3c7\" data-element_type=\"container\" data-e-type=\"container\" data-settings=\"{&quot;background_background&quot;:&quot;classic&quot;}\">\n\t\t\t\t\t<div class=\"e-con-inner\">\n\t\t\t\t<div class=\"elementor-element elementor-element-f4a0df9 elementor-widget elementor-widget-text-editor\" data-id=\"f4a0df9\" data-element_type=\"widget\" data-e-type=\"widget\" data-widget_type=\"text-editor.default\">\n\t\t\t\t<div class=\"elementor-widget-container\">\n\t\t\t\t\t\t\t\t\t<button-widget widget-id=\"5195c6fe-dfdf-4a7b-92af-e715b67fe7d3\"><\/button-widget><script type=\"text\/javascript\" src=\"https:\/\/widgets.regiondo.net\/button\/v1\/button-widget.min.js\"><\/script>\t\t\t\t\t\t\t\t<\/div>\n\t\t\t\t<\/div>\n\t\t\t\t\t<\/div>\n\t\t\t\t<\/div>\n\t\t\t\t\t<\/div>\n\t\t<\/div>\n\t\t\t\t\t<\/div>\n\t\t<\/section>\n\t\t\t\t<\/div>","protected":false},"excerpt":{"rendered":"<p>Avec une capacit\u00e9 d\u2019accueil de 12 passagers, Marius est id\u00e9al pour des sorties en petit groupe, que ce soit pour une journ\u00e9e de d\u00e9tente, une initiation \u00e0 la voile, ou un \u00e9v\u00e9nement priv\u00e9 m\u00e9morable. Venez hisser les voiles, d\u00e9couvrir des criques cach\u00e9es, ou simplement profiter du silence apaisant d\u2019une navigation respectueuse de la nature.<\/p>\n<p>Reserve sua experi\u00eancia a bordo do Marius e vivencie o mar de forma diferente!<\/p>","protected":false},"author":1,"featured_media":4673,"parent":0,"menu_order":0,"comment_status":"closed","ping_status":"closed","template":"","meta":{"_seopress_robots_primary_cat":"","_seopress_titles_title":"R\u00e9server aujourd'hui Marius, voilier de 1968 tout en bois et \u00e9lectrique !","_seopress_titles_desc":"Accueuillant 12 passagers, Marius est id\u00e9al pour des sorties en groupe, que ce soit pour une journ\u00e9e de d\u00e9tente une initiation \u00e0 la voile, ou un \u00e9v\u00e9nement priv\u00e9 m\u00e9morable.","_seopress_robots_index":"","footnotes":""},"class_list":["post-286","page","type-page","status-publish","has-post-thumbnail","hentry"],"jetpack_sharing_enabled":true,"_links":{"self":[{"href":"https:\/\/capitainecoco.fr\/pt\/wp-json\/wp\/v2\/pages\/286","targetHints":{"allow":["GET"]}}],"collection":[{"href":"https:\/\/capitainecoco.fr\/pt\/wp-json\/wp\/v2\/pages"}],"about":[{"href":"https:\/\/capitainecoco.fr\/pt\/wp-json\/wp\/v2\/types\/page"}],"author":[{"embeddable":true,"href":"https:\/\/capitainecoco.fr\/pt\/wp-json\/wp\/v2\/users\/1"}],"replies":[{"embeddable":true,"href":"https:\/\/capitainecoco.fr\/pt\/wp-json\/wp\/v2\/comments?post=286"}],"version-history":[{"count":93,"href":"https:\/\/capitainecoco.fr\/pt\/wp-json\/wp\/v2\/pages\/286\/revisions"}],"predecessor-version":[{"id":5890,"href":"https:\/\/capitainecoco.fr\/pt\/wp-json\/wp\/v2\/pages\/286\/revisions\/5890"}],"wp:featuredmedia":[{"embeddable":true,"href":"https:\/\/capitainecoco.fr\/pt\/wp-json\/wp\/v2\/media\/4673"}],"wp:attachment":[{"href":"https:\/\/capitainecoco.fr\/pt\/wp-json\/wp\/v2\/media?parent=286"}],"curies":[{"name":"wp","href":"https:\/\/api.w.org\/{rel}","templated":true}]}}