{"id":673,"date":"2024-02-07T17:20:42","date_gmt":"2024-02-07T16:20:42","guid":{"rendered":"https:\/\/dev.capitainecoco.fr\/?post_type=product&#038;p=673"},"modified":"2025-02-25T15:26:23","modified_gmt":"2025-02-25T14:26:23","slug":"cadeau-croisiere-en-bateau-aventure-en-vue","status":"publish","type":"product","link":"https:\/\/capitainecoco.fr\/ja\/%e5%ba%97-2\/cadeau-croisiere-en-bateau-aventure-en-vue\/","title":{"rendered":"[\u30ae\u30d5\u30c8] \u30dc\u30fc\u30c8\u30af\u30eb\u30fc\u30ba 2\u540d\u69d8\u3001\u30a2\u30c9\u30d9\u30f3\u30c1\u30e3\u30fc\u30fb\u30a4\u30f3\u30fb\u30b5\u30a4\u30c8\uff01"},"content":{"rendered":"<h1><img alt=\"\" fetchpriority=\"high\" decoding=\"async\" class=\"alignnone wp-image-526 size-full\" src=\"https:\/\/capitainecoco.fr\/wp-content\/uploads\/2024\/02\/Specialites-de-Marseille-_-Des-Cadeaux-Uniques-a-Decouvrir-2.png\" width=\"1920\" height=\"1280\" srcset=\"https:\/\/capitainecoco.fr\/wp-content\/uploads\/2024\/02\/Specialites-de-Marseille-_-Des-Cadeaux-Uniques-a-Decouvrir-2.png 1920w, https:\/\/capitainecoco.fr\/wp-content\/uploads\/2024\/02\/Specialites-de-Marseille-_-Des-Cadeaux-Uniques-a-Decouvrir-2-600x400.png 600w, https:\/\/capitainecoco.fr\/wp-content\/uploads\/2024\/02\/Specialites-de-Marseille-_-Des-Cadeaux-Uniques-a-Decouvrir-2-300x200.png 300w, https:\/\/capitainecoco.fr\/wp-content\/uploads\/2024\/02\/Specialites-de-Marseille-_-Des-Cadeaux-Uniques-a-Decouvrir-2-1024x683.png 1024w, https:\/\/capitainecoco.fr\/wp-content\/uploads\/2024\/02\/Specialites-de-Marseille-_-Des-Cadeaux-Uniques-a-Decouvrir-2-768x512.png 768w, https:\/\/capitainecoco.fr\/wp-content\/uploads\/2024\/02\/Specialites-de-Marseille-_-Des-Cadeaux-Uniques-a-Decouvrir-2-1536x1024.png 1536w\" sizes=\"(max-width: 1920px) 100vw, 1920px\" \/><\/h1>\n<h1><span data-sheets-root=\"1\" data-sheets-value=\"{&quot;1&quot;:2,&quot;2&quot;:&quot;Offrez un Weekend Inoubliable en Bateau pour Deux avec Capitaine Coco&quot;}\" data-sheets-userformat=\"{&quot;2&quot;:897,&quot;3&quot;:{&quot;1&quot;:0},&quot;10&quot;:0,&quot;11&quot;:0,&quot;12&quot;:0}\">Offrez un S\u00e9jour Inoubliable en Bateau pour Deux avec Nuit \u00e0 Bord<\/span><\/h1>\n<ul>\n<li><strong>Aventure En Mer : Surprenez! <\/strong>\u00a0Offrez une croisi\u00e8re de deux jours avec une nuit\u00e9e \u00e0 bord. Mouill\u00e9s pr\u00e8s d&rsquo;une calanque ou d&rsquo;une \u00eele du Frioul, vivez une soir\u00e9e romantique avec d\u00eener \u00e0 bord. R\u00e9veil doux avec petit d\u00e9jeuner complet, berc\u00e9s par les vagues sous les \u00e9toiles.<\/li>\n<li><strong>Croisi\u00e8re Sur 24h &amp; Visite Des Calanques<\/strong> Explorez les calanques m\u00e9diterran\u00e9ennes lors d&rsquo;une croisi\u00e8re de 24 heures. Plongez dans la nature pr\u00e9serv\u00e9e et savourez un repas \u00e0 bord. Une exp\u00e9rience compl\u00e8te pour un weekend inoubliable \u00e0 Marseille.<\/li>\n<li><strong>Excursion Organis\u00e9e Avec Repas : D\u00e9couverte Gourmande<\/strong> Explorez Marseille depuis la mer lors d&rsquo;une excursion organis\u00e9e avec repas inclus. D\u00e9gustez des sp\u00e9cialit\u00e9s locales tout en d\u00e9couvrant les secrets de la ville. Menu de qualit\u00e9 pour le d\u00eener et panier petit-d\u00e9jeuner pour commencer la journ\u00e9e en douceur.<\/li>\n<\/ul>","protected":false},"excerpt":{"rendered":"<ul>\n<li>Dur\u00e9e : Deux jours pour d\u00e9couvrir les calanques de Marseille, les \u00eeles du Frioul et d\u2019autres sites embl\u00e9matiques de la M\u00e9diterran\u00e9e.<\/li>\n<li>P\u00e9riode : Disponible d&rsquo;avril \u00e0 octobre, pour offrir toute l&rsquo;ann\u00e9e en cas d&rsquo;envie d&rsquo;\u00e9vasion en mer.<\/li>\n<li>Lieu d&#8217;embarquement : D\u00e9parts depuis le Vieux Port ou le Port du Frioul, selon les conditions m\u00e9t\u00e9orologiques.<\/li>\n<li>Horaires flexibles : Excursion de 14h00 \u00e0 12h00 le jour suivant, adaptables selon la croisi\u00e8re.<\/li>\n<li>Tarif : 1 450,00 \u20ac TTC pour deux personnes.<\/li>\n<li>Avantages inclus :\n<ul>\n<li>Navigation et baignade jusqu\u2019au coucher du soleil le premier jour.<\/li>\n<li>Navigation retour et baignade le lendemain.<\/li>\n<li>Nuit au mouillage aux \u00celes du Frioul, dans les calanques ou dans la baie de Marseille.<\/li>\n<li>D\u00eener en mer pour d\u00e9couvrir les sp\u00e9cialit\u00e9s culinaires de Marseille et les saveurs de la mer.<\/li>\n<li>Petit-d\u00e9jeuner en admirant le lever du soleil.<\/li>\n<li>Boissons non alcoolis\u00e9es.<\/li>\n<li>Accompagnement par un skipper sauf pendant la nuit.<\/li>\n<li>\u00c9nergie \u00e9lectrique incluse.<\/li>\n<\/ul>\n<\/li>\n<\/ul>","protected":false},"featured_media":1043,"template":"elementor_header_footer","meta":{"_seopress_robots_primary_cat":"","_seopress_titles_title":"","_seopress_titles_desc":"","_seopress_robots_index":""},"product_brand":[],"product_cat":[22],"product_tag":[33,32,31,30],"class_list":{"0":"post-673","1":"product","2":"type-product","3":"status-publish","4":"has-post-thumbnail","6":"product_cat-cadeauoriginal","7":"product_tag-aventure-sur-un-pointu","8":"product_tag-croisiere-marseille","9":"product_tag-nuit-en-bateau","10":"product_tag-weekend-en-mer","12":"first","13":"instock","14":"sale","15":"taxable","16":"shipping-taxable","17":"purchasable","18":"product-type-simple"},"jetpack_sharing_enabled":true,"_links":{"self":[{"href":"https:\/\/capitainecoco.fr\/ja\/wp-json\/wp\/v2\/product\/673","targetHints":{"allow":["GET"]}}],"collection":[{"href":"https:\/\/capitainecoco.fr\/ja\/wp-json\/wp\/v2\/product"}],"about":[{"href":"https:\/\/capitainecoco.fr\/ja\/wp-json\/wp\/v2\/types\/product"}],"version-history":[{"count":2,"href":"https:\/\/capitainecoco.fr\/ja\/wp-json\/wp\/v2\/product\/673\/revisions"}],"predecessor-version":[{"id":681,"href":"https:\/\/capitainecoco.fr\/ja\/wp-json\/wp\/v2\/product\/673\/revisions\/681"}],"wp:featuredmedia":[{"embeddable":true,"href":"https:\/\/capitainecoco.fr\/ja\/wp-json\/wp\/v2\/media\/1043"}],"wp:attachment":[{"href":"https:\/\/capitainecoco.fr\/ja\/wp-json\/wp\/v2\/media?parent=673"}],"wp:term":[{"taxonomy":"product_brand","embeddable":true,"href":"https:\/\/capitainecoco.fr\/ja\/wp-json\/wp\/v2\/product_brand?post=673"},{"taxonomy":"product_cat","embeddable":true,"href":"https:\/\/capitainecoco.fr\/ja\/wp-json\/wp\/v2\/product_cat?post=673"},{"taxonomy":"product_tag","embeddable":true,"href":"https:\/\/capitainecoco.fr\/ja\/wp-json\/wp\/v2\/product_tag?post=673"}],"curies":[{"name":"wp","href":"https:\/\/api.w.org\/{rel}","templated":true}]}}