{"id":286,"date":"2024-02-04T16:43:01","date_gmt":"2024-02-04T15:43:01","guid":{"rendered":"https:\/\/dev.capitainecoco.fr\/?page_id=286"},"modified":"2026-02-02T14:42:49","modified_gmt":"2026-02-02T13:42:49","slug":"marius-bateau-traditionnel-electrique-1968-9m","status":"publish","type":"page","link":"https:\/\/capitainecoco.fr\/ja\/marius-bateau-traditionnel-electrique-1968-9m\/","title":{"rendered":"MARIUS bateau traditionnel \u00e9lectrique 1968 9m"},"content":{"rendered":"<div data-elementor-type=\"wp-page\" data-elementor-id=\"286\" class=\"elementor elementor-286\" data-elementor-post-type=\"page\">\n\t\t\t\t\t\t<section class=\"elementor-section elementor-top-section elementor-element elementor-element-953d1e5 elementor-section-height-min-height elementor-section-boxed elementor-section-height-default elementor-section-items-middle\" data-id=\"953d1e5\" data-element_type=\"section\" data-e-type=\"section\" data-settings=\"{&quot;background_background&quot;:&quot;classic&quot;}\">\n\t\t\t\t\t\t\t<div class=\"elementor-background-overlay\"><\/div>\n\t\t\t\t\t\t\t<div class=\"elementor-container elementor-column-gap-default\">\n\t\t\t\t\t<div class=\"elementor-column elementor-col-100 elementor-top-column elementor-element elementor-element-3d04ad16\" data-id=\"3d04ad16\" data-element_type=\"column\" data-e-type=\"column\" data-settings=\"{&quot;background_background&quot;:&quot;classic&quot;}\">\n\t\t\t<div class=\"elementor-widget-wrap elementor-element-populated\">\n\t\t\t\t\t\t<div class=\"elementor-element elementor-element-21a4de73 elementor-widget elementor-widget-heading\" data-id=\"21a4de73\" data-element_type=\"widget\" data-e-type=\"widget\" data-widget_type=\"heading.default\">\n\t\t\t\t<div class=\"elementor-widget-container\">\n\t\t\t\t\t<h2 class=\"elementor-heading-title elementor-size-default\">R\u00e9server le bateau MARIUS 1968<\/h2>\t\t\t\t<\/div>\n\t\t\t\t<\/div>\n\t\t\t\t<div class=\"elementor-element elementor-element-55e583dc elementor-widget elementor-widget-text-editor\" data-id=\"55e583dc\" data-element_type=\"widget\" data-e-type=\"widget\" data-widget_type=\"text-editor.default\">\n\t\t\t\t<div class=\"elementor-widget-container\">\n\t\t\t\t\t\t\t\t\t<p><a href=\"#\">\u5bb6<\/a> &gt; MARIUS 1968<\/p>\t\t\t\t\t\t\t\t<\/div>\n\t\t\t\t<\/div>\n\t\t\t\t\t<\/div>\n\t\t<\/div>\n\t\t\t\t\t<\/div>\n\t\t<\/section>\n\t\t\t\t<section class=\"elementor-section elementor-top-section elementor-element elementor-element-6e5bd60a elementor-reverse-tablet elementor-reverse-mobile elementor-section-boxed elementor-section-height-default elementor-section-height-default\" data-id=\"6e5bd60a\" data-element_type=\"section\" data-e-type=\"section\">\n\t\t\t\t\t\t<div class=\"elementor-container elementor-column-gap-default\">\n\t\t\t\t\t<div class=\"elementor-column elementor-col-50 elementor-top-column elementor-element elementor-element-680e8950\" data-id=\"680e8950\" data-element_type=\"column\" data-e-type=\"column\">\n\t\t\t<div class=\"elementor-widget-wrap elementor-element-populated\">\n\t\t\t\t\t\t<div class=\"elementor-element elementor-element-2978e99 elementor-widget elementor-widget-heading\" data-id=\"2978e99\" data-element_type=\"widget\" data-e-type=\"widget\" data-widget_type=\"heading.default\">\n\t\t\t\t<div class=\"elementor-widget-container\">\n\t\t\t\t\t<h2 class=\"elementor-heading-title elementor-size-default\">D\u00e9couvrez Marius, le bateau traditionnel pour vos sorties en mer \u00e0 Marseille<\/h2>\t\t\t\t<\/div>\n\t\t\t\t<\/div>\n\t\t<div class=\"elementor-element elementor-element-0eff5b1 e-flex e-con-boxed e-con e-parent\" data-id=\"0eff5b1\" data-element_type=\"container\" data-e-type=\"container\" data-settings=\"{&quot;background_background&quot;:&quot;classic&quot;}\">\n\t\t\t\t\t<div class=\"e-con-inner\">\n\t\t\t\t<div class=\"elementor-element elementor-element-131a892 elementor-widget elementor-widget-spacer\" data-id=\"131a892\" data-element_type=\"widget\" data-e-type=\"widget\" data-widget_type=\"spacer.default\">\n\t\t\t\t<div class=\"elementor-widget-container\">\n\t\t\t\t\t\t\t<div class=\"elementor-spacer\">\n\t\t\t<div class=\"elementor-spacer-inner\"><\/div>\n\t\t<\/div>\n\t\t\t\t\t\t<\/div>\n\t\t\t\t<\/div>\n\t\t\t\t\t<\/div>\n\t\t\t\t<\/div>\n\t\t\t\t<div class=\"elementor-element elementor-element-185118f9 elementor-widget elementor-widget-text-editor\" data-id=\"185118f9\" data-element_type=\"widget\" data-e-type=\"widget\" data-widget_type=\"text-editor.default\">\n\t\t\t\t<div class=\"elementor-widget-container\">\n\t\t\t\t\t\t\t\t\t<h3>Montez \u00e0 bord de <strong>Marius<\/strong>, un voilier aurique traditionnel <strong>unique en son genre<\/strong>,<\/h3><p>construit en <strong>1968<\/strong> et enti\u00e8rement r\u00e9nov\u00e9e avec soin<strong> <a href=\"https:\/\/capitainecoco.fr\/ja\/le-monde-de-la-barquettedu-bateau-classique-et-des-charpentiers-passionnes\/\">au chantier naval Vent d&rsquo;Ouest<\/a><\/strong> ici en Provence. Nous l&rsquo;avons pens\u00e9 pour offrir une exp\u00e9rience maritime authentique et <strong>respectueuse de l\u2019environnement<\/strong>, ainsi qu&rsquo;un <strong>confort pour 12 places assises <\/strong>avec de la place sur le pont et le plancher r\u00e9hauss\u00e9. Avec ses <strong>9 m\u00e8tres de long<\/strong>, ses lignes \u00e9l\u00e9gantes, son pont en teck neuf et son gr\u00e9ement aurique, Marius vous invite \u00e0 plonger dans l\u2019histoire maritime m\u00e9diterran\u00e9enne tout en profitant du confort moderne d\u2019une <strong><a href=\"https:\/\/capitainecoco.fr\/ja\/propulsion-electrique\/\">motorisation 100% \u00e9lectrique et innovante<\/a>.<\/strong><\/p>\t\t\t\t\t\t\t\t<\/div>\n\t\t\t\t<\/div>\n\t\t\t\t<div class=\"elementor-element elementor-element-5c073e2a elementor-widget elementor-widget-heading\" data-id=\"5c073e2a\" data-element_type=\"widget\" data-e-type=\"widget\" data-widget_type=\"heading.default\">\n\t\t\t\t<div class=\"elementor-widget-container\">\n\t\t\t\t\t<h4 class=\"elementor-heading-title elementor-size-default\">D\u00e9couvrir Marius 1968, jusqu'\u00e0 12 personnes au d\u00e9part du Vieux Port Marseille<\/h4>\t\t\t\t<\/div>\n\t\t\t\t<\/div>\n\t\t\t\t<section class=\"elementor-section elementor-inner-section elementor-element elementor-element-1a1d7980 elementor-section-boxed elementor-section-height-default elementor-section-height-default\" data-id=\"1a1d7980\" data-element_type=\"section\" data-e-type=\"section\">\n\t\t\t\t\t\t<div class=\"elementor-container elementor-column-gap-no\">\n\t\t\t\t\t<div class=\"elementor-column elementor-col-50 elementor-inner-column elementor-element elementor-element-4e206aea\" data-id=\"4e206aea\" data-element_type=\"column\" data-e-type=\"column\">\n\t\t\t<div class=\"elementor-widget-wrap elementor-element-populated\">\n\t\t\t\t\t\t<div class=\"elementor-element elementor-element-4f00b74d elementor-widget__width-initial elementor-widget elementor-widget-image\" data-id=\"4f00b74d\" data-element_type=\"widget\" data-e-type=\"widget\" data-widget_type=\"image.default\">\n\t\t\t\t<div class=\"elementor-widget-container\">\n\t\t\t\t\t\t\t\t\t\t\t\t\t\t\t<img alt=\"\" fetchpriority=\"high\" decoding=\"async\" width=\"640\" height=\"426\" src=\"https:\/\/capitainecoco.fr\/wp-content\/uploads\/2024\/03\/LES-4-GABIANS-e1711203427984.jpg\" class=\"attachment-full size-full wp-image-974\" srcset=\"https:\/\/capitainecoco.fr\/wp-content\/uploads\/2024\/03\/LES-4-GABIANS-e1711203427984.jpg 640w, https:\/\/capitainecoco.fr\/wp-content\/uploads\/2024\/03\/LES-4-GABIANS-e1711203427984-600x399.jpg 600w, https:\/\/capitainecoco.fr\/wp-content\/uploads\/2024\/03\/LES-4-GABIANS-e1711203427984-300x200.jpg 300w\" sizes=\"(max-width: 640px) 100vw, 640px\" \/>\t\t\t\t\t\t\t\t\t\t\t\t\t\t\t<\/div>\n\t\t\t\t<\/div>\n\t\t\t\t\t<\/div>\n\t\t<\/div>\n\t\t\t\t<div class=\"elementor-column elementor-col-50 elementor-inner-column elementor-element elementor-element-2a3910f\" data-id=\"2a3910f\" data-element_type=\"column\" data-e-type=\"column\" data-settings=\"{&quot;background_background&quot;:&quot;classic&quot;,&quot;background_motion_fx_motion_fx_mouse&quot;:&quot;yes&quot;}\">\n\t\t\t<div class=\"elementor-widget-wrap elementor-element-populated\">\n\t\t\t\t\t\t<div class=\"elementor-element elementor-element-e4a8c2e elementor-widget elementor-widget-spacer\" data-id=\"e4a8c2e\" data-element_type=\"widget\" data-e-type=\"widget\" data-widget_type=\"spacer.default\">\n\t\t\t\t<div class=\"elementor-widget-container\">\n\t\t\t\t\t\t\t<div class=\"elementor-spacer\">\n\t\t\t<div class=\"elementor-spacer-inner\"><\/div>\n\t\t<\/div>\n\t\t\t\t\t\t<\/div>\n\t\t\t\t<\/div>\n\t\t\t\t\t<\/div>\n\t\t<\/div>\n\t\t\t\t\t<\/div>\n\t\t<\/section>\n\t\t\t\t<div class=\"elementor-element elementor-element-62e3838c elementor-widget elementor-widget-text-editor\" data-id=\"62e3838c\" data-element_type=\"widget\" data-e-type=\"widget\" data-widget_type=\"text-editor.default\">\n\t\t\t\t<div class=\"elementor-widget-container\">\n\t\t\t\t\t\t\t\t\t<p><strong>Marius<\/strong>, c\u2019est bien plus qu\u2019un bateau : c\u2019est une passerelle vers le pass\u00e9, un hommage \u00e0 l\u2019artisanat nautique traditionnel et une promesse d\u2019aventure au c\u0153ur des paysages somptueux de la rade marseillaise.<\/p><p>Avec une capacit\u00e9 d\u2019accueil de <strong>12 passagers<\/strong>, <strong>Marius<\/strong> est id\u00e9al pour des sorties en petit groupe, que ce soit pour une journ\u00e9e de d\u00e9tente, une initiation \u00e0 la voile, ou un \u00e9v\u00e9nement priv\u00e9 m\u00e9morable. Venez hisser les voiles, d\u00e9couvrir des criques cach\u00e9es, ou simplement profiter du silence apaisant d\u2019une navigation respectueuse de la nature.<\/p><p><strong>R\u00e9servez votre exp\u00e9rience \u00e0 bord de Marius et vivez la mer autrement !<\/strong><\/p>\t\t\t\t\t\t\t\t<\/div>\n\t\t\t\t<\/div>\n\t\t\t\t<div class=\"elementor-element elementor-element-49bb4c4 elementor-widget elementor-widget-gallery\" data-id=\"49bb4c4\" data-element_type=\"widget\" data-e-type=\"widget\" data-settings=\"{&quot;gallery_layout&quot;:&quot;justified&quot;,&quot;lazyload&quot;:&quot;yes&quot;,&quot;ideal_row_height&quot;:{&quot;unit&quot;:&quot;px&quot;,&quot;size&quot;:200,&quot;sizes&quot;:[]},&quot;ideal_row_height_tablet&quot;:{&quot;unit&quot;:&quot;px&quot;,&quot;size&quot;:150,&quot;sizes&quot;:[]},&quot;ideal_row_height_mobile&quot;:{&quot;unit&quot;:&quot;px&quot;,&quot;size&quot;:150,&quot;sizes&quot;:[]},&quot;gap&quot;:{&quot;unit&quot;:&quot;px&quot;,&quot;size&quot;:10,&quot;sizes&quot;:[]},&quot;gap_tablet&quot;:{&quot;unit&quot;:&quot;px&quot;,&quot;size&quot;:10,&quot;sizes&quot;:[]},&quot;gap_mobile&quot;:{&quot;unit&quot;:&quot;px&quot;,&quot;size&quot;:10,&quot;sizes&quot;:[]},&quot;link_to&quot;:&quot;file&quot;,&quot;overlay_background&quot;:&quot;yes&quot;,&quot;content_hover_animation&quot;:&quot;fade-in&quot;}\" data-widget_type=\"gallery.default\">\n\t\t\t\t<div class=\"elementor-widget-container\">\n\t\t\t\t\t\t\t<div class=\"elementor-gallery__container\">\n\t\t\t\t\t\t\t<a class=\"e-gallery-item elementor-gallery-item elementor-animated-content\" href=\"https:\/\/capitainecoco.fr\/wp-content\/uploads\/2025\/04\/Explorez-le-charme-intemporel-du-bateau-vieux-greement-en-mer-avec-MARIUS-1968-au-Vieux-Port-de-Marseille-5.jpg\" data-elementor-open-lightbox=\"yes\" data-elementor-lightbox-slideshow=\"49bb4c4\" data-e-action-hash=\"#elementor-action%3Aaction%3Dlightbox%26settings%3DeyJpZCI6NDc1NiwidXJsIjoiaHR0cHM6XC9cL2NhcGl0YWluZWNvY28uZnJcL3dwLWNvbnRlbnRcL3VwbG9hZHNcLzIwMjVcLzA0XC9FeHBsb3Jlei1sZS1jaGFybWUtaW50ZW1wb3JlbC1kdS1iYXRlYXUtdmlldXgtZ3JlZW1lbnQtZW4tbWVyLWF2ZWMtTUFSSVVTLTE5NjgtYXUtVmlldXgtUG9ydC1kZS1NYXJzZWlsbGUtNS5qcGciLCJzbGlkZXNob3ciOiI0OWJiNGM0In0%3D\">\n\t\t\t\t\t<div class=\"e-gallery-image elementor-gallery-item__image\" data-thumbnail=\"https:\/\/capitainecoco.fr\/wp-content\/uploads\/2025\/04\/Explorez-le-charme-intemporel-du-bateau-vieux-greement-en-mer-avec-MARIUS-1968-au-Vieux-Port-de-Marseille-5-225x300.jpg\" data-width=\"225\" data-height=\"300\" aria-label=\"explorez le charme intemporel du bateau vieux gr\u00e9ement en mer avec marius 1968 au vieux port de marseille (5)\" role=\"img\" ><\/div>\n\t\t\t\t\t\t\t\t\t\t\t<div class=\"elementor-gallery-item__overlay\"><\/div>\n\t\t\t\t\t\t\t\t\t\t\t\t\t\t<\/a>\n\t\t\t\t\t\t\t<a class=\"e-gallery-item elementor-gallery-item elementor-animated-content\" href=\"https:\/\/capitainecoco.fr\/wp-content\/uploads\/2025\/04\/Explorez-le-charme-intemporel-du-bateau-vieux-greement-en-mer-avec-MARIUS-1968-au-Vieux-Port-de-Marseille-1-scaled.jpg\" data-elementor-open-lightbox=\"yes\" data-elementor-lightbox-slideshow=\"49bb4c4\" data-e-action-hash=\"#elementor-action%3Aaction%3Dlightbox%26settings%3DeyJpZCI6NDc1NywidXJsIjoiaHR0cHM6XC9cL2NhcGl0YWluZWNvY28uZnJcL3dwLWNvbnRlbnRcL3VwbG9hZHNcLzIwMjVcLzA0XC9FeHBsb3Jlei1sZS1jaGFybWUtaW50ZW1wb3JlbC1kdS1iYXRlYXUtdmlldXgtZ3JlZW1lbnQtZW4tbWVyLWF2ZWMtTUFSSVVTLTE5NjgtYXUtVmlldXgtUG9ydC1kZS1NYXJzZWlsbGUtMS1zY2FsZWQuanBnIiwic2xpZGVzaG93IjoiNDliYjRjNCJ9\">\n\t\t\t\t\t<div class=\"e-gallery-image elementor-gallery-item__image\" data-thumbnail=\"https:\/\/capitainecoco.fr\/wp-content\/uploads\/2025\/04\/Explorez-le-charme-intemporel-du-bateau-vieux-greement-en-mer-avec-MARIUS-1968-au-Vieux-Port-de-Marseille-1-225x300.jpg\" data-width=\"225\" data-height=\"300\" aria-label=\"explorez le charme intemporel du bateau vieux gr\u00e9ement en mer avec marius 1968 au vieux port de marseille (1)\" role=\"img\" ><\/div>\n\t\t\t\t\t\t\t\t\t\t\t<div class=\"elementor-gallery-item__overlay\"><\/div>\n\t\t\t\t\t\t\t\t\t\t\t\t\t\t<\/a>\n\t\t\t\t\t\t\t<a class=\"e-gallery-item elementor-gallery-item elementor-animated-content\" href=\"https:\/\/capitainecoco.fr\/wp-content\/uploads\/2025\/04\/Explorez-le-charme-intemporel-du-bateau-vieux-greement-en-mer-avec-MARIUS-1968-au-Vieux-Port-de-Marseille-2.jpg\" data-elementor-open-lightbox=\"yes\" data-elementor-lightbox-slideshow=\"49bb4c4\" data-e-action-hash=\"#elementor-action%3Aaction%3Dlightbox%26settings%3DeyJpZCI6NDc1OCwidXJsIjoiaHR0cHM6XC9cL2NhcGl0YWluZWNvY28uZnJcL3dwLWNvbnRlbnRcL3VwbG9hZHNcLzIwMjVcLzA0XC9FeHBsb3Jlei1sZS1jaGFybWUtaW50ZW1wb3JlbC1kdS1iYXRlYXUtdmlldXgtZ3JlZW1lbnQtZW4tbWVyLWF2ZWMtTUFSSVVTLTE5NjgtYXUtVmlldXgtUG9ydC1kZS1NYXJzZWlsbGUtMi5qcGciLCJzbGlkZXNob3ciOiI0OWJiNGM0In0%3D\">\n\t\t\t\t\t<div class=\"e-gallery-image elementor-gallery-item__image\" data-thumbnail=\"https:\/\/capitainecoco.fr\/wp-content\/uploads\/2025\/04\/Explorez-le-charme-intemporel-du-bateau-vieux-greement-en-mer-avec-MARIUS-1968-au-Vieux-Port-de-Marseille-2-225x300.jpg\" data-width=\"225\" data-height=\"300\" aria-label=\"explorez le charme intemporel du bateau vieux gr\u00e9ement en mer avec marius 1968 au vieux port de marseille (2)\" role=\"img\" ><\/div>\n\t\t\t\t\t\t\t\t\t\t\t<div class=\"elementor-gallery-item__overlay\"><\/div>\n\t\t\t\t\t\t\t\t\t\t\t\t\t\t<\/a>\n\t\t\t\t\t\t\t<a class=\"e-gallery-item elementor-gallery-item elementor-animated-content\" href=\"https:\/\/capitainecoco.fr\/wp-content\/uploads\/2025\/04\/Explorez-le-charme-intemporel-du-bateau-vieux-greement-en-mer-avec-MARIUS-1968-au-Vieux-Port-de-Marseille-3.jpg\" data-elementor-open-lightbox=\"yes\" data-elementor-lightbox-slideshow=\"49bb4c4\" data-e-action-hash=\"#elementor-action%3Aaction%3Dlightbox%26settings%3DeyJpZCI6NDc1OSwidXJsIjoiaHR0cHM6XC9cL2NhcGl0YWluZWNvY28uZnJcL3dwLWNvbnRlbnRcL3VwbG9hZHNcLzIwMjVcLzA0XC9FeHBsb3Jlei1sZS1jaGFybWUtaW50ZW1wb3JlbC1kdS1iYXRlYXUtdmlldXgtZ3JlZW1lbnQtZW4tbWVyLWF2ZWMtTUFSSVVTLTE5NjgtYXUtVmlldXgtUG9ydC1kZS1NYXJzZWlsbGUtMy5qcGciLCJzbGlkZXNob3ciOiI0OWJiNGM0In0%3D\">\n\t\t\t\t\t<div class=\"e-gallery-image elementor-gallery-item__image\" data-thumbnail=\"https:\/\/capitainecoco.fr\/wp-content\/uploads\/2025\/04\/Explorez-le-charme-intemporel-du-bateau-vieux-greement-en-mer-avec-MARIUS-1968-au-Vieux-Port-de-Marseille-3-225x300.jpg\" data-width=\"225\" data-height=\"300\" aria-label=\"explorez le charme intemporel du bateau vieux gr\u00e9ement en mer avec marius 1968 au vieux port de marseille (3)\" role=\"img\" ><\/div>\n\t\t\t\t\t\t\t\t\t\t\t<div class=\"elementor-gallery-item__overlay\"><\/div>\n\t\t\t\t\t\t\t\t\t\t\t\t\t\t<\/a>\n\t\t\t\t\t\t\t<a class=\"e-gallery-item elementor-gallery-item elementor-animated-content\" href=\"https:\/\/capitainecoco.fr\/wp-content\/uploads\/2025\/04\/Explorez-le-charme-intemporel-du-bateau-vieux-greement-en-mer-avec-MARIUS-1968-au-Vieux-Port-de-Marseille-4.jpg\" data-elementor-open-lightbox=\"yes\" data-elementor-lightbox-slideshow=\"49bb4c4\" data-e-action-hash=\"#elementor-action%3Aaction%3Dlightbox%26settings%3DeyJpZCI6NDc2MCwidXJsIjoiaHR0cHM6XC9cL2NhcGl0YWluZWNvY28uZnJcL3dwLWNvbnRlbnRcL3VwbG9hZHNcLzIwMjVcLzA0XC9FeHBsb3Jlei1sZS1jaGFybWUtaW50ZW1wb3JlbC1kdS1iYXRlYXUtdmlldXgtZ3JlZW1lbnQtZW4tbWVyLWF2ZWMtTUFSSVVTLTE5NjgtYXUtVmlldXgtUG9ydC1kZS1NYXJzZWlsbGUtNC5qcGciLCJzbGlkZXNob3ciOiI0OWJiNGM0In0%3D\">\n\t\t\t\t\t<div class=\"e-gallery-image elementor-gallery-item__image\" data-thumbnail=\"https:\/\/capitainecoco.fr\/wp-content\/uploads\/2025\/04\/Explorez-le-charme-intemporel-du-bateau-vieux-greement-en-mer-avec-MARIUS-1968-au-Vieux-Port-de-Marseille-4-225x300.jpg\" data-width=\"225\" data-height=\"300\" aria-label=\"explorez le charme intemporel du bateau vieux gr\u00e9ement en mer avec marius 1968 au vieux port de marseille (4)\" role=\"img\" ><\/div>\n\t\t\t\t\t\t\t\t\t\t\t<div class=\"elementor-gallery-item__overlay\"><\/div>\n\t\t\t\t\t\t\t\t\t\t\t\t\t\t<\/a>\n\t\t\t\t\t<\/div>\n\t\t\t\t\t<\/div>\n\t\t\t\t<\/div>\n\t\t\t\t\t<\/div>\n\t\t<\/div>\n\t\t\t\t<div class=\"elementor-column elementor-col-50 elementor-top-column elementor-element elementor-element-4efd5d34\" data-id=\"4efd5d34\" data-element_type=\"column\" data-e-type=\"column\">\n\t\t\t<div class=\"elementor-widget-wrap elementor-element-populated\">\n\t\t\t\t\t\t<div class=\"elementor-element elementor-element-3a69d0b4 elementor-widget elementor-widget-heading\" data-id=\"3a69d0b4\" data-element_type=\"widget\" data-e-type=\"widget\" data-widget_type=\"heading.default\">\n\t\t\t\t<div class=\"elementor-widget-container\">\n\t\t\t\t\t<h3 class=\"elementor-heading-title elementor-size-default\"><p><strong>Embarquez \u00e0 bord de Marius, Voilier Aurique d\u2019Exception<\/strong><\/p><p><\/p><\/h3>\t\t\t\t<\/div>\n\t\t\t\t<\/div>\n\t\t\t\t<div class=\"elementor-element elementor-element-2aff7613 elementor-widget elementor-widget-text-editor\" data-id=\"2aff7613\" data-element_type=\"widget\" data-e-type=\"widget\" data-widget_type=\"text-editor.default\">\n\t\t\t\t<div class=\"elementor-widget-container\">\n\t\t\t\t\t\t\t\t\t<p>Plongez dans l\u2019authenticit\u00e9 maritime avec <strong>Marius<\/strong>, un voilier aurique traditionnel de <strong>1968<\/strong>, restaur\u00e9 avec passion pour allier charme d\u2019antan et modernit\u00e9 \u00e9cologique gr\u00e2ce \u00e0 sa <strong>motorisation \u00e9lectrique<\/strong>. Avec sa capacit\u00e9 de <strong>12 passagers<\/strong>, Marius est parfait pour des sorties intimistes, des \u00e9v\u00e9nements priv\u00e9s ou une d\u00e9couverte unique du littoral marseillais.<\/p>\t\t\t\t\t\t\t\t<\/div>\n\t\t\t\t<\/div>\n\t\t\t\t<div class=\"elementor-element elementor-element-5f144694 elementor-widget elementor-widget-text-editor\" data-id=\"5f144694\" data-element_type=\"widget\" data-e-type=\"widget\" data-widget_type=\"text-editor.default\">\n\t\t\t\t<div class=\"elementor-widget-container\">\n\t\t\t\t\t\t\t\t\t<p><strong>Longueur<\/strong> \u00a0 \u00a0 \u00a0 9 m\u00e8tres<br \/><strong>Capacit\u00e9<\/strong> \u00a0 \u00a0 \u00a0 \u00a0 12 guests<br \/><strong>\u30bf\u30a4\u30d7<\/strong> \u00a0 \u00a0 \u00a0\u00a0 Voilier Aurique<br \/><strong>Prix<\/strong> \u00a0 \u00a0 \u00a0 \u00a0 \u00e0 partir de 450 \u20ac<\/p>\t\t\t\t\t\t\t\t<\/div>\n\t\t\t\t<\/div>\n\t\t<div class=\"elementor-element elementor-element-346d3c7 e-flex e-con-boxed e-con e-parent\" data-id=\"346d3c7\" data-element_type=\"container\" data-e-type=\"container\" data-settings=\"{&quot;background_background&quot;:&quot;classic&quot;}\">\n\t\t\t\t\t<div class=\"e-con-inner\">\n\t\t\t\t<div class=\"elementor-element elementor-element-f4a0df9 elementor-widget elementor-widget-text-editor\" data-id=\"f4a0df9\" data-element_type=\"widget\" data-e-type=\"widget\" data-widget_type=\"text-editor.default\">\n\t\t\t\t<div class=\"elementor-widget-container\">\n\t\t\t\t\t\t\t\t\t<button-widget widget-id=\"5195c6fe-dfdf-4a7b-92af-e715b67fe7d3\"><\/button-widget><script type=\"text\/javascript\" src=\"https:\/\/widgets.regiondo.net\/button\/v1\/button-widget.min.js\"><\/script>\t\t\t\t\t\t\t\t<\/div>\n\t\t\t\t<\/div>\n\t\t\t\t\t<\/div>\n\t\t\t\t<\/div>\n\t\t\t\t\t<\/div>\n\t\t<\/div>\n\t\t\t\t\t<\/div>\n\t\t<\/section>\n\t\t\t\t<\/div>","protected":false},"excerpt":{"rendered":"<p>Avec une capacit\u00e9 d\u2019accueil de 12 passagers, Marius est id\u00e9al pour des sorties en petit groupe, que ce soit pour une journ\u00e9e de d\u00e9tente, une initiation \u00e0 la voile, ou un \u00e9v\u00e9nement priv\u00e9 m\u00e9morable. Venez hisser les voiles, d\u00e9couvrir des criques cach\u00e9es, ou simplement profiter du silence apaisant d\u2019une navigation respectueuse de la nature.<\/p>\n<p>R\u00e9servez votre exp\u00e9rience \u00e0 bord de Marius et vivez la mer autrement !<\/p>","protected":false},"author":1,"featured_media":4673,"parent":0,"menu_order":0,"comment_status":"closed","ping_status":"closed","template":"","meta":{"_seopress_robots_primary_cat":"","_seopress_titles_title":"R\u00e9server aujourd'hui Marius, voilier de 1968 tout en bois et \u00e9lectrique !","_seopress_titles_desc":"Accueuillant 12 passagers, Marius est id\u00e9al pour des sorties en groupe, que ce soit pour une journ\u00e9e de d\u00e9tente une initiation \u00e0 la voile, ou un \u00e9v\u00e9nement priv\u00e9 m\u00e9morable.","_seopress_robots_index":"","footnotes":""},"class_list":["post-286","page","type-page","status-publish","has-post-thumbnail","hentry"],"jetpack_sharing_enabled":true,"_links":{"self":[{"href":"https:\/\/capitainecoco.fr\/ja\/wp-json\/wp\/v2\/pages\/286","targetHints":{"allow":["GET"]}}],"collection":[{"href":"https:\/\/capitainecoco.fr\/ja\/wp-json\/wp\/v2\/pages"}],"about":[{"href":"https:\/\/capitainecoco.fr\/ja\/wp-json\/wp\/v2\/types\/page"}],"author":[{"embeddable":true,"href":"https:\/\/capitainecoco.fr\/ja\/wp-json\/wp\/v2\/users\/1"}],"replies":[{"embeddable":true,"href":"https:\/\/capitainecoco.fr\/ja\/wp-json\/wp\/v2\/comments?post=286"}],"version-history":[{"count":93,"href":"https:\/\/capitainecoco.fr\/ja\/wp-json\/wp\/v2\/pages\/286\/revisions"}],"predecessor-version":[{"id":5890,"href":"https:\/\/capitainecoco.fr\/ja\/wp-json\/wp\/v2\/pages\/286\/revisions\/5890"}],"wp:featuredmedia":[{"embeddable":true,"href":"https:\/\/capitainecoco.fr\/ja\/wp-json\/wp\/v2\/media\/4673"}],"wp:attachment":[{"href":"https:\/\/capitainecoco.fr\/ja\/wp-json\/wp\/v2\/media?parent=286"}],"curies":[{"name":"wp","href":"https:\/\/api.w.org\/{rel}","templated":true}]}}