{"id":1899,"date":"2024-04-07T13:57:59","date_gmt":"2024-04-07T11:57:59","guid":{"rendered":"https:\/\/dev.capitainecoco.fr\/?post_type=product&#038;p=1899"},"modified":"2025-09-09T09:08:54","modified_gmt":"2025-09-09T07:08:54","slug":"cadeau-sortie-voile-traditionnelle-apprendre-a-naviguer-sur-vieux-greement","status":"publish","type":"product","link":"https:\/\/capitainecoco.fr\/it\/negozio-2\/cadeau-sortie-voile-traditionnelle-apprendre-a-naviguer-sur-vieux-greement\/","title":{"rendered":"[Uscita a vela tradizionale: imparare a navigare su un vecchio armo"},"content":{"rendered":"<h4>D\u00e9couvrez l&rsquo;Art de la Voile Traditionnelle avec Capitaine Coco<\/h4>\n<p>Embarquez pour une aventure inoubliable au c\u0153ur de la tradition maritime avec Capitaine Coco.<\/p>\n<h3>Une Navigation Authentique<\/h3>\n<p>Naviguez \u00e0 bord de v\u00e9ritables vieux gr\u00e9ements, tels que les barques marseillaises, pour une immersion totale dans le patrimoine maritime de Marseille.<\/p>\n<h3>Une Le\u00e7on de Navigation Pas Comme les Autres<\/h3>\n<p>Apprenez les bases de la navigation \u00e0 voile, des man\u0153uvres aux rudiments de la m\u00e9t\u00e9o marine, avec l&rsquo;encadrement exp\u00e9riment\u00e9 de nos capitaines certifi\u00e9s.<\/p>\n<h3>Une Exp\u00e9rience Unique en Mer M\u00e9diterran\u00e9e<\/h3>\n<p>Parcourez les eaux de la baie de Marseille et du Frioul, d\u00e9couvrez des paysages \u00e0 couper le souffle et laissez-vous porter par le vent marin.<\/p>\n<h3>Une Aventure Accessible \u00e0 Tous<\/h3>\n<p>Que vous soyez novice ou marin confirm\u00e9, notre sortie voile traditionnelle est ouverte \u00e0 tous ceux qui souhaitent vivre une exp\u00e9rience authentique en mer.<\/p>\n<h3>Des Souvenirs Inoubliables \u00e0 Bord de nos Vieux Gr\u00e9ements<\/h3>\n<p>Capturez des moments magiques et cr\u00e9ez des souvenirs durables lors de cette excursion exceptionnelle, parfaite pour les amateurs de voile et les curieux de tous \u00e2ges.<\/p>","protected":false},"excerpt":{"rendered":"<div class=\"elementor-element elementor-element-43ebd448 elementor-widget elementor-widget-text-editor\" data-id=\"43ebd448\" data-element_type=\"widget\" data-widget_type=\"text-editor.default\">\n<div class=\"elementor-widget-container\">\n<ul>\n<li><strong>D\u00e9part :<\/strong> Vieux-Port<\/li>\n<li><strong>P\u00e9riode : <\/strong>D\u2019octobre \u00e0 Avril<\/li>\n<li><strong>Dur\u00e9e :<\/strong> 3h<\/li>\n<li><strong>Horaires Hiver : <\/strong>14h-17h<\/li>\n<li><strong>Tarif <\/strong>: 70 \u20ac<\/li>\n<li><strong>Numero di passeggeri:<\/strong> 2<\/li>\n<\/ul>\n<\/div>\n<\/div>\n<h4>Des Avantages Inclus dans Votre Cadeau Voile Traditionnelle<\/h4>\n<ul>\n<li>Navigation avec un \u00e9quipage exp\u00e9riment\u00e9<\/li>\n<li>Apprentissage des techniques de voile traditionnelle<\/li>\n<li>Exploration des tr\u00e9sors de la baie de Marseille et du Frioul<\/li>\n<li>Possibilit\u00e9 de personnaliser l&rsquo;exp\u00e9rience pour des \u00e9v\u00e9nements sp\u00e9ciaux<\/li>\n<li>Certification NUC pour garantir la s\u00e9curit\u00e9 \u00e0 bord<\/li>\n<\/ul>","protected":false},"featured_media":1910,"template":"","meta":{"_seopress_robots_primary_cat":"none","_seopress_titles_title":"","_seopress_titles_desc":"","_seopress_robots_index":""},"product_brand":[],"product_cat":[22],"product_tag":[],"class_list":{"0":"post-1899","1":"product","2":"type-product","3":"status-publish","4":"has-post-thumbnail","6":"product_cat-cadeauoriginal","8":"first","9":"instock","10":"downloadable","11":"taxable","12":"shipping-taxable","13":"purchasable","14":"product-type-simple"},"jetpack_sharing_enabled":true,"_links":{"self":[{"href":"https:\/\/capitainecoco.fr\/it\/wp-json\/wp\/v2\/product\/1899","targetHints":{"allow":["GET"]}}],"collection":[{"href":"https:\/\/capitainecoco.fr\/it\/wp-json\/wp\/v2\/product"}],"about":[{"href":"https:\/\/capitainecoco.fr\/it\/wp-json\/wp\/v2\/types\/product"}],"version-history":[{"count":2,"href":"https:\/\/capitainecoco.fr\/it\/wp-json\/wp\/v2\/product\/1899\/revisions"}],"predecessor-version":[{"id":5458,"href":"https:\/\/capitainecoco.fr\/it\/wp-json\/wp\/v2\/product\/1899\/revisions\/5458"}],"wp:featuredmedia":[{"embeddable":true,"href":"https:\/\/capitainecoco.fr\/it\/wp-json\/wp\/v2\/media\/1910"}],"wp:attachment":[{"href":"https:\/\/capitainecoco.fr\/it\/wp-json\/wp\/v2\/media?parent=1899"}],"wp:term":[{"taxonomy":"product_brand","embeddable":true,"href":"https:\/\/capitainecoco.fr\/it\/wp-json\/wp\/v2\/product_brand?post=1899"},{"taxonomy":"product_cat","embeddable":true,"href":"https:\/\/capitainecoco.fr\/it\/wp-json\/wp\/v2\/product_cat?post=1899"},{"taxonomy":"product_tag","embeddable":true,"href":"https:\/\/capitainecoco.fr\/it\/wp-json\/wp\/v2\/product_tag?post=1899"}],"curies":[{"name":"wp","href":"https:\/\/api.w.org\/{rel}","templated":true}]}}