{"id":2173,"date":"2024-08-25T21:28:57","date_gmt":"2024-08-25T19:28:57","guid":{"rendered":"https:\/\/dev.capitainecoco.fr\/?page_id=2173"},"modified":"2026-01-21T08:32:54","modified_gmt":"2026-01-21T07:32:54","slug":"politique-annulation","status":"publish","type":"page","link":"https:\/\/capitainecoco.fr\/he\/politique-annulation\/","title":{"rendered":"Politique d&rsquo;annulation"},"content":{"rendered":"<style>\/*! elementor - v3.23.0 - 05-08-2024 *\/\n.elementor-heading-title{padding:0;margin:0;line-height:1}.elementor-widget-heading .elementor-heading-title[class*=elementor-size-]>a{color:inherit;font-size:inherit;line-height:inherit}.elementor-widget-heading .elementor-heading-title.elementor-size-small{font-size:15px}.elementor-widget-heading .elementor-heading-title.elementor-size-medium{font-size:19px}.elementor-widget-heading .elementor-heading-title.elementor-size-large{font-size:29px}.elementor-widget-heading .elementor-heading-title.elementor-size-xl{font-size:39px}.elementor-widget-heading .elementor-heading-title.elementor-size-xxl{font-size:59px}<\/style>\n<h2>\u05d1\u05d9\u05d8\u05d5\u05dc<\/h2>\n<p><a href=\"#\">\u05d1\u05d9\u05ea<\/a> &gt; Annulation<\/p>\n<p><strong>Derni\u00e8re mise \u00e0 jour : [07\/09\/2024]<\/strong><\/p>\n<hr \/>\n<h3>1.Vos droits<\/h3>\n<p>Vous avez un d\u00e9lais de 14 jours de droit de r\u00e9tractation \u00e0 compter du jour de l\u2019achat. Capitaine Coco vous offre <strong>un droit de r\u00e9tractation sans motif jusqu\u2019\u00e0 24h avant le d\u00e9but de la sortie.<\/strong><\/p>\n<h6>\u05d4\u05dc\u05e7\u05d5\u05d7 \u05e8\u05e9\u05d0\u05d9 \u05dc\u05e9\u05e0\u05d5\u05ea \u05d1\u05db\u05dc \u05e2\u05ea \u05d0\u05ea \u05de\u05d5\u05e2\u05d3 \u05d9\u05e6\u05d9\u05d0\u05ea\u05d5 \u05d4\u05e9\u05de\u05d5\u05e8\u05d4 \u05de\u05d4\u05e1\u05d9\u05d1\u05d5\u05ea \u05d4\u05de\u05d5\u05d8\u05dc\u05d5\u05ea \u05e2\u05dc\u05d9\u05d5.<\/h6>\n<p>Le client n\u2019a pas \u00e0 justifier les raisons qui lui incombe pour un report qui lui est d\u00fb. Pour cela il doit remplir le formulaire de <a href=\"https:\/\/capitainecoco.fr\/he\/contact\/\">la page contact<\/a> ou nous joindre par t\u00e9l\u00e9phone au plus vite. Aucun frais de traitement seront appliqu\u00e9. Si le client se r\u00e9tracte 24h avant la prestation sans en informer la soci\u00e9t\u00e9 Capitaine Coco il ne pourra demander un remboursement. En revanche le report peut lui \u00eatre refus\u00e9 en cas d\u2019indisponibilit\u00e9 du <strong>bateau Coco ou du bateau 4 Gabians<\/strong>, ou si le report intervient au del\u00e0 des limites saisonni\u00e8res appliqu\u00e9s pour les tarifs.Voir l\u2019article 5 \u00ab Prix des produits \u00bb des\u00a0<a href=\"https:\/\/capitainecoco.fr\/he\/conditions-generales-de-vente\/\" target=\"_blank\" rel=\"noopener\">\u05ea\u05e0\u05d0\u05d9 \u05de\u05db\u05d9\u05e8\u05d4<\/a>.<\/p>\n<h3>2. Annulation ou report de la part de Capitaine Coco<\/h3>\n<p>\u05e7\u05e4\u05d8\u05df \u05e7\u05d5\u05e7\u05d5 \u05e9\u05d5\u05de\u05e8\u05ea \u05dc\u05e2\u05e6\u05de\u05d4 \u05d0\u05ea \u05d4\u05d6\u05db\u05d5\u05ea \u05dc\u05d4\u05e6\u05d9\u05e2 \u05d3\u05d7\u05d9\u05d9\u05ea \u05d4\u05d8\u05d9\u05d5\u05dc \u05d0\u05d5 \u05d4\u05d6\u05db\u05d5\u05ea \u05dc\u05d1\u05d8\u05dc \u05d5\u05dc\u05d4\u05d7\u05d6\u05d9\u05e8 \u05d0\u05ea \u05d4\u05d8\u05d9\u05d5\u05dc \u05e2\u05d3 \u05dc\u05e7\u05d1\u05dc\u05ea \u05d4\u05d0\u05d9\u05e9\u05d5\u05e8 \u05e9\u05e0\u05d9\u05ea\u05df \u05ea\u05d5\u05da 72 \u05e9\u05e2\u05d5\u05ea \u05de\u05d4\u05d8\u05d9\u05d5\u05dc, \u05de\u05d4\u05e1\u05d9\u05d1\u05d5\u05ea \u05d4\u05de\u05e6\u05d5\u05d9\u05e0\u05d5\u05ea \u05d1\u05e1\u05e2\u05d9\u05e4\u05d9\u05dd 6 &quot;\u05d0\u05d9-\u05d0\u05e4\u05e9\u05e8\u05d5\u05ea \u05d9\u05d5\u05e6\u05d0\u05ea \u05d3\u05d5\u05e4\u05df \u05e9\u05dc \u05d1\u05d9\u05e6\u05d5\u05e2, \u05e1\u05e2\u05d9\u05e3 7&quot;. \u05d7\u05d5\u05e1\u05e8 \u05d0\u05e4\u05e9\u05e8\u05d5\u05ea \u05de\u05d8\u05d0\u05d5\u05e8\u05d5\u05dc\u05d5\u05d2\u05d9\u05ea \u05e9\u05dc \u05d1\u05d9\u05e6\u05d5\u05e2&quot;, \u05e1\u05e2\u05d9\u05e3 8 &quot;\u05d7\u05d5\u05e1\u05e8 \u05d0\u05e4\u05e9\u05e8\u05d5\u05ea \u05d0\u05e4\u05d9\u05d3\u05de\u05d9\u05d5\u05dc\u05d5\u05d2\u05d9\u05ea \u05e9\u05dc \u05d1\u05d9\u05e6\u05d5\u05e2\u05d9\u05dd&quot;. \u05d4\u05d7\u05d6\u05e8 \u05d0\u05dd \u05d9\u05ea\u05e8\u05d7\u05e9, \u05d9\u05d4\u05d9\u05d4 \u05e2\u05d3 100% \u05de\u05d4\u05e1\u05db\u05d5\u05dd \u05e9\u05e9\u05d5\u05dc\u05dd.<\/p>\n<h3>3. Contact<\/h3>\n<p>Pour toute question concernant cette politique de confidentialit\u00e9 ou pour exercer vos droits, vous pouvez nous contacter \u00e0 l&rsquo;adresse suivante : <strong>\u05e7\u05d5\u05e7\u05d5 \u05de\u05e8\u05e1\u05d9\u05d9 SASU<\/strong> 31 Voie La Canebi\u00e8re 13001 Marseille, France Email : [votre email de contact] T\u00e9l\u00e9phone : +33 7 49 52 03 57<\/p>\n<style>\/*! elementor - v3.23.0 - 05-08-2024 *\/\n.elementor-widget-divider{--divider-border-style:none;--divider-border-width:1px;--divider-color:#0c0d0e;--divider-icon-size:20px;--divider-element-spacing:10px;--divider-pattern-height:24px;--divider-pattern-size:20px;--divider-pattern-url:none;--divider-pattern-repeat:repeat-x}.elementor-widget-divider .elementor-divider{display:flex}.elementor-widget-divider .elementor-divider__text{font-size:15px;line-height:1;max-width:95%}.elementor-widget-divider .elementor-divider__element{margin:0 var(--divider-element-spacing);flex-shrink:0}.elementor-widget-divider .elementor-icon{font-size:var(--divider-icon-size)}.elementor-widget-divider .elementor-divider-separator{display:flex;margin:0;direction:ltr}.elementor-widget-divider--view-line_icon .elementor-divider-separator,.elementor-widget-divider--view-line_text .elementor-divider-separator{align-items:center}.elementor-widget-divider--view-line_icon .elementor-divider-separator:after,.elementor-widget-divider--view-line_icon .elementor-divider-separator:before,.elementor-widget-divider--view-line_text .elementor-divider-separator:after,.elementor-widget-divider--view-line_text .elementor-divider-separator:before{display:block;content:\"\";border-block-end:0;flex-grow:1;border-block-start:var(--divider-border-width) var(--divider-border-style) var(--divider-color)}.elementor-widget-divider--element-align-left .elementor-divider .elementor-divider-separator>.elementor-divider__svg:first-of-type{flex-grow:0;flex-shrink:100}.elementor-widget-divider--element-align-left .elementor-divider-separator:before{content:none}.elementor-widget-divider--element-align-left .elementor-divider__element{margin-left:0}.elementor-widget-divider--element-align-right .elementor-divider .elementor-divider-separator>.elementor-divider__svg:last-of-type{flex-grow:0;flex-shrink:100}.elementor-widget-divider--element-align-right .elementor-divider-separator:after{content:none}.elementor-widget-divider--element-align-right .elementor-divider__element{margin-right:0}.elementor-widget-divider--element-align-start .elementor-divider .elementor-divider-separator>.elementor-divider__svg:first-of-type{flex-grow:0;flex-shrink:100}.elementor-widget-divider--element-align-start .elementor-divider-separator:before{content:none}.elementor-widget-divider--element-align-start .elementor-divider__element{margin-inline-start:0}.elementor-widget-divider--element-align-end .elementor-divider .elementor-divider-separator>.elementor-divider__svg:last-of-type{flex-grow:0;flex-shrink:100}.elementor-widget-divider--element-align-end .elementor-divider-separator:after{content:none}.elementor-widget-divider--element-align-end .elementor-divider__element{margin-inline-end:0}.elementor-widget-divider:not(.elementor-widget-divider--view-line_text):not(.elementor-widget-divider--view-line_icon) .elementor-divider-separator{border-block-start:var(--divider-border-width) var(--divider-border-style) var(--divider-color)}.elementor-widget-divider--separator-type-pattern{--divider-border-style:none}.elementor-widget-divider--separator-type-pattern.elementor-widget-divider--view-line .elementor-divider-separator,.elementor-widget-divider--separator-type-pattern:not(.elementor-widget-divider--view-line) .elementor-divider-separator:after,.elementor-widget-divider--separator-type-pattern:not(.elementor-widget-divider--view-line) .elementor-divider-separator:before,.elementor-widget-divider--separator-type-pattern:not([class*=elementor-widget-divider--view]) .elementor-divider-separator{width:100%;min-height:var(--divider-pattern-height);-webkit-mask-size:var(--divider-pattern-size) 100%;mask-size:var(--divider-pattern-size) 100%;-webkit-mask-repeat:var(--divider-pattern-repeat);mask-repeat:var(--divider-pattern-repeat);background-color:var(--divider-color);-webkit-mask-image:var(--divider-pattern-url);mask-image:var(--divider-pattern-url)}.elementor-widget-divider--no-spacing{--divider-pattern-size:auto}.elementor-widget-divider--bg-round{--divider-pattern-repeat:round}.rtl .elementor-widget-divider .elementor-divider__text{direction:rtl}.e-con-inner>.elementor-widget-divider,.e-con>.elementor-widget-divider{width:var(--container-widget-width,100%);--flex-grow:var(--container-widget-flex-grow)}<\/style>\n<style>\/*! elementor - v3.23.0 - 05-08-2024 *\/\n.elementor-widget-image{text-align:center}.elementor-widget-image a{display:inline-block}.elementor-widget-image a img[src$=\".svg\"]{width:48px}.elementor-widget-image img{vertical-align:middle;display:inline-block}<\/style>\n<p>\t\t\t\t\t\t\t\t\t\t<img fetchpriority=\"high\" decoding=\"async\" width=\"1920\" height=\"1280\" src=\"https:\/\/capitainecoco.fr\/wp-content\/uploads\/2024\/03\/Catalysez-la-Performance-de-Votre-Equipe-grace-a-notre-Offre-de-Team-Building.png\" alt=\"\" srcset=\"https:\/\/capitainecoco.fr\/wp-content\/uploads\/2024\/03\/Catalysez-la-Performance-de-Votre-Equipe-grace-a-notre-Offre-de-Team-Building.png 1920w, https:\/\/capitainecoco.fr\/wp-content\/uploads\/2024\/03\/Catalysez-la-Performance-de-Votre-Equipe-grace-a-notre-Offre-de-Team-Building-300x200.png 300w, https:\/\/capitainecoco.fr\/wp-content\/uploads\/2024\/03\/Catalysez-la-Performance-de-Votre-Equipe-grace-a-notre-Offre-de-Team-Building-1024x683.png 1024w, https:\/\/capitainecoco.fr\/wp-content\/uploads\/2024\/03\/Catalysez-la-Performance-de-Votre-Equipe-grace-a-notre-Offre-de-Team-Building-768x512.png 768w, https:\/\/capitainecoco.fr\/wp-content\/uploads\/2024\/03\/Catalysez-la-Performance-de-Votre-Equipe-grace-a-notre-Offre-de-Team-Building-1536x1024.png 1536w, https:\/\/capitainecoco.fr\/wp-content\/uploads\/2024\/03\/Catalysez-la-Performance-de-Votre-Equipe-grace-a-notre-Offre-de-Team-Building-1320x880.png 1320w, https:\/\/capitainecoco.fr\/wp-content\/uploads\/2024\/03\/Catalysez-la-Performance-de-Votre-Equipe-grace-a-notre-Offre-de-Team-Building-600x400.png 600w\" sizes=\"(max-width: 1920px) 100vw, 1920px\" \/>\t\t\t\t\t\t\t\t\t\t\t\t\t<\/p>\n<h5>Parcourez nos activit\u00e9s en mer<\/h5>\n<h3>Abonnez Vous Au \u00ab\u00a0Infos Du Pont\u00a0\u00bb Bons plans Ev\u00e8nements en mer<\/h3>\n<p>\t\t<!----------------------------- \n\t\t\t* controls_data : find the the props passed indie of data attribute\n\t\t\t* props.SubmitResponseMarkup : contains the markup of error or success message\n\t\t\t* https:\/\/developer.mozilla.org\/en-US\/docs\/Web\/JavaScript\/Reference\/Template_literals\n\t\t--------------------------- --><\/p>\n<h6>Blog &#038; article<\/h6>\n<h2>Article en t\u00eate<br \/>\n<\/h2>","protected":false},"excerpt":{"rendered":"<p>Capitaine Coco vous offre un droit de r\u00e9tractation sans motif jusqu\u2019\u00e0 24h avant le d\u00e9but de la sortie. Le client peut \u00e0 tout moment modifier la date de sa sortie r\u00e9serv\u00e9e pour les raisons qui lui incombent.<\/p>","protected":false},"author":1,"featured_media":1548,"parent":0,"menu_order":0,"comment_status":"closed","ping_status":"closed","template":"","meta":{"_seopress_robots_primary_cat":"","_seopress_titles_title":"","_seopress_titles_desc":"","_seopress_robots_index":"","footnotes":""},"class_list":["post-2173","page","type-page","status-publish","has-post-thumbnail","hentry"],"jetpack_sharing_enabled":true,"_links":{"self":[{"href":"https:\/\/capitainecoco.fr\/he\/wp-json\/wp\/v2\/pages\/2173","targetHints":{"allow":["GET"]}}],"collection":[{"href":"https:\/\/capitainecoco.fr\/he\/wp-json\/wp\/v2\/pages"}],"about":[{"href":"https:\/\/capitainecoco.fr\/he\/wp-json\/wp\/v2\/types\/page"}],"author":[{"embeddable":true,"href":"https:\/\/capitainecoco.fr\/he\/wp-json\/wp\/v2\/users\/1"}],"replies":[{"embeddable":true,"href":"https:\/\/capitainecoco.fr\/he\/wp-json\/wp\/v2\/comments?post=2173"}],"version-history":[{"count":18,"href":"https:\/\/capitainecoco.fr\/he\/wp-json\/wp\/v2\/pages\/2173\/revisions"}],"predecessor-version":[{"id":5782,"href":"https:\/\/capitainecoco.fr\/he\/wp-json\/wp\/v2\/pages\/2173\/revisions\/5782"}],"wp:featuredmedia":[{"embeddable":true,"href":"https:\/\/capitainecoco.fr\/he\/wp-json\/wp\/v2\/media\/1548"}],"wp:attachment":[{"href":"https:\/\/capitainecoco.fr\/he\/wp-json\/wp\/v2\/media?parent=2173"}],"curies":[{"name":"wp","href":"https:\/\/api.w.org\/{rel}","templated":true}]}}