{"id":109,"date":"2024-01-30T19:26:47","date_gmt":"2024-01-30T18:26:47","guid":{"rendered":"https:\/\/dev.capitainecoco.fr\/index.php\/panier\/"},"modified":"2025-02-25T15:32:04","modified_gmt":"2025-02-25T14:32:04","slug":"panier","status":"publish","type":"page","link":"https:\/\/capitainecoco.fr\/es\/panier\/","title":{"rendered":"Votre excursion est en attente de validation"},"content":{"rendered":"<div data-elementor-type=\"wp-page\" data-elementor-id=\"109\" class=\"elementor elementor-109\" data-elementor-post-type=\"page\">\n\t\t\t\t\t\t<section class=\"elementor-section elementor-top-section elementor-element elementor-element-474c7f77 elementor-section-height-min-height elementor-section-boxed elementor-section-height-default elementor-section-items-middle\" data-id=\"474c7f77\" data-element_type=\"section\" data-e-type=\"section\" data-settings=\"{&quot;background_background&quot;:&quot;classic&quot;}\">\n\t\t\t\t\t\t\t<div class=\"elementor-background-overlay\"><\/div>\n\t\t\t\t\t\t\t<div class=\"elementor-container elementor-column-gap-default\">\n\t\t\t\t\t<div class=\"elementor-column elementor-col-100 elementor-top-column elementor-element elementor-element-3bdef27a\" data-id=\"3bdef27a\" data-element_type=\"column\" data-e-type=\"column\" data-settings=\"{&quot;background_background&quot;:&quot;classic&quot;}\">\n\t\t\t<div class=\"elementor-widget-wrap elementor-element-populated\">\n\t\t\t\t\t\t<div class=\"elementor-element elementor-element-4d024c1c elementor-widget elementor-widget-heading\" data-id=\"4d024c1c\" data-element_type=\"widget\" data-e-type=\"widget\" data-widget_type=\"heading.default\">\n\t\t\t\t<div class=\"elementor-widget-container\">\n\t\t\t\t\t<h2 class=\"elementor-heading-title elementor-size-default\">Votre Panier<\/h2>\t\t\t\t<\/div>\n\t\t\t\t<\/div>\n\t\t\t\t<div class=\"elementor-element elementor-element-43c8894b elementor-widget elementor-widget-text-editor\" data-id=\"43c8894b\" data-element_type=\"widget\" data-e-type=\"widget\" data-widget_type=\"text-editor.default\">\n\t\t\t\t<div class=\"elementor-widget-container\">\n\t\t\t\t\t\t\t\t\t<p><a href=\"\/es\/\">Hogar<\/a> &gt;\u00a0Votre Panier<\/p>\t\t\t\t\t\t\t\t<\/div>\n\t\t\t\t<\/div>\n\t\t\t\t\t<\/div>\n\t\t<\/div>\n\t\t\t\t\t<\/div>\n\t\t<\/section>\n\t\t<div class=\"elementor-element elementor-element-fad95ff e-flex e-con-boxed e-con e-parent\" data-id=\"fad95ff\" data-element_type=\"container\" data-e-type=\"container\">\n\t\t\t\t\t<div class=\"e-con-inner\">\n\t\t\t\t<div class=\"elementor-element elementor-element-e6c08e9 elementor-widget elementor-widget-heading\" data-id=\"e6c08e9\" data-element_type=\"widget\" data-e-type=\"widget\" data-widget_type=\"heading.default\">\n\t\t\t\t<div class=\"elementor-widget-container\">\n\t\t\t\t\t<div class=\"elementor-heading-title elementor-size-default\">Votre excursion est en attente de paiement, veuillez v\u00e9rifier votre excursion et cliquer sur \" Valider la commande \"<\/div>\t\t\t\t<\/div>\n\t\t\t\t<\/div>\n\t\t\t\t\t<\/div>\n\t\t\t\t<\/div>\n\t\t\t\t<\/div>","protected":false},"excerpt":{"rendered":"<p>Votre Panier Home &gt;\u00a0Votre Panier Votre excursion est en attente de paiement, veuillez v\u00e9rifier votre excursion et cliquer sur \u00a0\u00bb Valider la commande \u00ab\u00a0 Supprimer l\u2019\u00e9l\u00e9ment Miniature Produit Prix Quantit\u00e9 Sous-total &times; [Cadeau] Croisi\u00e8re En Bateau Pour 2 , Aventure En Vue\u200b ! 1350,00&nbsp;&euro; quantit\u00e9 de [Cadeau] Croisi\u00e8re En Bateau Pour 2 , Aventure En [&hellip;]<\/p>","protected":false},"author":1,"featured_media":0,"parent":0,"menu_order":0,"comment_status":"closed","ping_status":"closed","template":"","meta":{"_seopress_robots_primary_cat":"","_seopress_titles_title":"","_seopress_titles_desc":"","_seopress_robots_index":"","footnotes":""},"class_list":["post-109","page","type-page","status-publish","hentry"],"jetpack_sharing_enabled":true,"_links":{"self":[{"href":"https:\/\/capitainecoco.fr\/es\/wp-json\/wp\/v2\/pages\/109","targetHints":{"allow":["GET"]}}],"collection":[{"href":"https:\/\/capitainecoco.fr\/es\/wp-json\/wp\/v2\/pages"}],"about":[{"href":"https:\/\/capitainecoco.fr\/es\/wp-json\/wp\/v2\/types\/page"}],"author":[{"embeddable":true,"href":"https:\/\/capitainecoco.fr\/es\/wp-json\/wp\/v2\/users\/1"}],"replies":[{"embeddable":true,"href":"https:\/\/capitainecoco.fr\/es\/wp-json\/wp\/v2\/comments?post=109"}],"version-history":[{"count":48,"href":"https:\/\/capitainecoco.fr\/es\/wp-json\/wp\/v2\/pages\/109\/revisions"}],"predecessor-version":[{"id":3513,"href":"https:\/\/capitainecoco.fr\/es\/wp-json\/wp\/v2\/pages\/109\/revisions\/3513"}],"wp:attachment":[{"href":"https:\/\/capitainecoco.fr\/es\/wp-json\/wp\/v2\/media?parent=109"}],"curies":[{"name":"wp","href":"https:\/\/api.w.org\/{rel}","templated":true}]}}